{"id":25333,"date":"2023-04-13T17:30:22","date_gmt":"2023-04-13T17:30:22","guid":{"rendered":"https:\/\/dynamo-led-displays.co.uk\/?post_type=product&#038;p=25333"},"modified":"2023-09-06T21:57:37","modified_gmt":"2023-09-06T21:57:37","slug":"d-3sf18","status":"publish","type":"product","link":"https:\/\/dynamo-led-displays.com\/de\/produkt\/d-3sf18\/","title":{"rendered":"D-3SF18"},"content":{"rendered":"\t\t<div data-elementor-type=\"product-post\" data-elementor-id=\"25333\" class=\"elementor elementor-25333\" data-elementor-post-type=\"product\">\n\t\t\t\t\t\t<section class=\"elementor-section elementor-top-section elementor-element elementor-element-acc5119 elementor-section-boxed elementor-section-height-default elementor-section-height-default\" data-id=\"acc5119\" data-element_type=\"section\" data-e-type=\"section\">\n\t\t\t\t\t\t<div class=\"elementor-container elementor-column-gap-default\">\n\t\t\t\t\t<div class=\"elementor-column elementor-col-100 elementor-top-column elementor-element elementor-element-cbf6c7e\" data-id=\"cbf6c7e\" data-element_type=\"column\" data-e-type=\"column\">\n\t\t\t<div class=\"elementor-widget-wrap elementor-element-populated\">\n\t\t\t\t\t\t<div class=\"elementor-element elementor-element-cb2b93e elementor-widget elementor-widget-heading\" data-id=\"cb2b93e\" data-element_type=\"widget\" data-e-type=\"widget\" data-widget_type=\"heading.default\">\n\t\t\t\t\t<h2 class=\"elementor-heading-title elementor-size-default\">Description<\/h2>\t\t\t\t<\/div>\n\t\t\t\t<div class=\"elementor-element elementor-element-2dc8aec elementor-widget elementor-widget-text-editor\" data-id=\"2dc8aec\" data-element_type=\"widget\" data-e-type=\"widget\" data-widget_type=\"text-editor.default\">\n\t\t\t\t\t\t\t\t\t<p>The D-3SF18 LED Trailer is an industry-leading mobile LED display perfect for any large-scale outdoor event. Featuring a spacious, 18 square meter full-color LED screen with a 16:9 widescreen format and 4K resolution, this trailer provides immersive visuals and sound quality for audiences. With its state-of-the-art control system and bright ultra-LED technology, you can tailor the experience to fit your event needs and be sure that your audience will be captivated by the vibrant and stunning visuals. Its widescreen display allows for large images to be displayed in wide open spaces, creating remarkable engagement from viewers at any distance from the trailer. Not only will the vivid lighting attract onlookers, but its advanced audio system will provide crystal clear sound effects to really bring your outdoor event to life! Whether you need it for a sports game or promotional video backdrop, the D-3SF18 LED Trailer is sure to take any outdoor event to the next level!<\/p>\t\t\t\t\t\t\t\t<\/div>\n\t\t\t\t<div class=\"elementor-element elementor-element-dd0ed28 elementor-widget elementor-widget-text-editor\" data-id=\"dd0ed28\" data-element_type=\"widget\" data-e-type=\"widget\" data-widget_type=\"text-editor.default\">\n\t\t\t\t\t\t\t\t\t<p>\u00a0<\/p><table style=\"height: 447px;\" width=\"1338\"><thead><tr><th style=\"text-align: left;\" colspan=\"2\">Features<\/th><\/tr><\/thead><tbody><tr><td class=\"feature\">Trailer size<\/td><td>5990\u00d72250\u00d73200mm<\/td><\/tr><tr><td class=\"feature\">Chassis brand<\/td><td>DF Auto<\/td><\/tr><tr><td class=\"feature\">Total mass<\/td><td>4500KG<\/td><\/tr><tr><td class=\"feature\">Axle base<\/td><td>3308mm<\/td><\/tr><tr><td class=\"feature\">Screen Size(left side)<\/td><td>3840\u00d71920mm,Dot Pitch:P3\/P4\/P5\/P6<\/td><\/tr><tr><td class=\"feature\">Screen Size(rear side)<\/td><td>3840\u00d71920mm,Dot Pitch:P3\/P4\/P5\/P6<\/td><\/tr><tr><td class=\"feature\">Screen Size(front side)<\/td><td>3840\u00d71920mm,Dot Pitch:P3\/P4\/P5\/P6<\/td><\/tr><tr><td class=\"feature\">Kinds Of Play<\/td><td>computer display<\/td><\/tr><tr><td class=\"feature\">Wind Resistance<\/td><td>Against level 8 wind after screen lift up 1.6m<\/td><\/tr><tr><td class=\"feature\">Power parameter<\/td><td>Three phases five wires 380V<\/td><\/tr><tr><td class=\"feature\">Hydraulic Lifting<\/td><td>Led screen 90 degree hydraulic turnover cylinder<\/td><\/tr><tr><td class=\"feature\">Supporting System<\/td><td>Stretching distance 300mm, 4pcs<\/td><\/tr><tr><td class=\"feature\">Generator Group<\/td><td>1260\u00d7750\u00d71040mm,16KW<\/td><\/tr><tr><td class=\"feature\">Kinds Of Play<\/td><td>Computer display<\/td><\/tr><tr><td class=\"feature\">Characteristic<\/td><td>Super advertising effect exquisite interiors smooth and steady stage; high end big truck can attract more peoples attention!<\/td><\/tr><tr><td class=\"feature\">Packing<\/td><td>Professinal packing with fixed in container<\/td><\/tr><tr><td class=\"feature\">Container<\/td><td>40OT<\/td><\/tr><tr><td class=\"feature\">HS Code<\/td><td>8705909990<\/td><\/tr><\/tbody><\/table>\t\t\t\t\t\t\t\t<\/div>\n\t\t\t\t\t<\/div>\n\t\t<\/div>\n\t\t\t\t\t<\/div>\n\t\t<\/section>\n\t\t\t\t<section class=\"elementor-section elementor-top-section elementor-element elementor-element-31fc1b1 elementor-section-boxed elementor-section-height-default elementor-section-height-default\" data-id=\"31fc1b1\" data-element_type=\"section\" data-e-type=\"section\">\n\t\t\t\t\t\t<div class=\"elementor-container elementor-column-gap-no\">\n\t\t\t\t\t<div class=\"elementor-column elementor-col-100 elementor-top-column elementor-element elementor-element-590d091\" data-id=\"590d091\" data-element_type=\"column\" data-e-type=\"column\">\n\t\t\t<div class=\"elementor-widget-wrap elementor-element-populated\">\n\t\t\t\t\t\t<div class=\"elementor-element elementor-element-65dd2c1 elementor-arrows-position-outside elementor-widget elementor-widget-image-carousel\" data-id=\"65dd2c1\" data-element_type=\"widget\" data-e-type=\"widget\" data-settings=\"{&quot;slides_to_show&quot;:&quot;4&quot;,&quot;slides_to_scroll&quot;:&quot;1&quot;,&quot;navigation&quot;:&quot;arrows&quot;,&quot;slides_to_show_mobile&quot;:&quot;1&quot;,&quot;autoplay&quot;:&quot;yes&quot;,&quot;pause_on_hover&quot;:&quot;yes&quot;,&quot;pause_on_interaction&quot;:&quot;yes&quot;,&quot;autoplay_speed&quot;:5000,&quot;infinite&quot;:&quot;yes&quot;,&quot;speed&quot;:500,&quot;image_spacing_custom&quot;:{&quot;unit&quot;:&quot;px&quot;,&quot;size&quot;:20,&quot;sizes&quot;:[]},&quot;image_spacing_custom_tablet&quot;:{&quot;unit&quot;:&quot;px&quot;,&quot;size&quot;:&quot;&quot;,&quot;sizes&quot;:[]}}\" data-widget_type=\"image-carousel.default\">\n\t\t\t\t\t\t\t<div class=\"elementor-image-carousel-wrapper swiper\" role=\"region\" aria-roledescription=\"carousel\" aria-label=\"Image Carousel\" dir=\"ltr\">\n\t\t\t<div class=\"elementor-image-carousel swiper-wrapper swiper-image-stretch\" aria-live=\"off\">\n\t\t\t\t\t\t\t\t<div class=\"swiper-slide\" role=\"group\" aria-roledescription=\"slide\" aria-label=\"1 of 5\"><figure class=\"swiper-slide-inner\"><img decoding=\"async\" class=\"swiper-slide-image\" src=\"https:\/\/dynamo-led-displays.com\/wp-content\/uploads\/2023\/04\/E-3SF18.webp\" alt=\"E-3SF18\" \/><\/figure><\/div><div class=\"swiper-slide\" role=\"group\" aria-roledescription=\"slide\" aria-label=\"2 of 5\"><figure class=\"swiper-slide-inner\"><img decoding=\"async\" class=\"swiper-slide-image\" src=\"https:\/\/dynamo-led-displays.com\/wp-content\/uploads\/2023\/04\/E-3SF18_image-04.webp\" alt=\"E-3SF18_image-04\" \/><\/figure><\/div><div class=\"swiper-slide\" role=\"group\" aria-roledescription=\"slide\" aria-label=\"3 of 5\"><figure class=\"swiper-slide-inner\"><img decoding=\"async\" class=\"swiper-slide-image\" src=\"https:\/\/dynamo-led-displays.com\/wp-content\/uploads\/2023\/04\/E-3SF18_image-03.webp\" alt=\"E-3SF18_image-03\" \/><\/figure><\/div><div class=\"swiper-slide\" role=\"group\" aria-roledescription=\"slide\" aria-label=\"4 of 5\"><figure class=\"swiper-slide-inner\"><img decoding=\"async\" class=\"swiper-slide-image\" src=\"https:\/\/dynamo-led-displays.com\/wp-content\/uploads\/2023\/04\/E-3SF18_image-02.webp\" alt=\"E-3SF18_image-02\" \/><\/figure><\/div><div class=\"swiper-slide\" role=\"group\" aria-roledescription=\"slide\" aria-label=\"5 of 5\"><figure class=\"swiper-slide-inner\"><img decoding=\"async\" class=\"swiper-slide-image\" src=\"https:\/\/dynamo-led-displays.com\/wp-content\/uploads\/2023\/04\/E-3SF18_image-01.webp\" alt=\"E-3SF18_image-01\" \/><\/figure><\/div>\t\t\t<\/div>\n\t\t\t\t\t\t\t\t\t\t\t\t<div class=\"elementor-swiper-button elementor-swiper-button-prev\" role=\"button\" tabindex=\"0\">\n\t\t\t\t\t\t<svg aria-hidden=\"true\" class=\"e-font-icon-svg e-eicon-chevron-left\" viewBox=\"0 0 1000 1000\" xmlns=\"http:\/\/www.w3.org\/2000\/svg\"><path d=\"M646 125C629 125 613 133 604 142L308 442C296 454 292 471 292 487 292 504 296 521 308 533L604 854C617 867 629 875 646 875 663 875 679 871 692 858 704 846 713 829 713 812 713 796 708 779 692 767L438 487 692 225C700 217 708 204 708 187 708 171 704 154 692 142 675 129 663 125 646 125Z\"><\/path><\/svg>\t\t\t\t\t<\/div>\n\t\t\t\t\t<div class=\"elementor-swiper-button elementor-swiper-button-next\" role=\"button\" tabindex=\"0\">\n\t\t\t\t\t\t<svg aria-hidden=\"true\" class=\"e-font-icon-svg e-eicon-chevron-right\" viewBox=\"0 0 1000 1000\" xmlns=\"http:\/\/www.w3.org\/2000\/svg\"><path d=\"M696 533C708 521 713 504 713 487 713 471 708 454 696 446L400 146C388 133 375 125 354 125 338 125 325 129 313 142 300 154 292 171 292 187 292 204 296 221 308 233L563 492 304 771C292 783 288 800 288 817 288 833 296 850 308 863 321 871 338 875 354 875 371 875 388 867 400 854L696 533Z\"><\/path><\/svg>\t\t\t\t\t<\/div>\n\t\t\t\t\n\t\t\t\t\t\t\t\t\t<\/div>\n\t\t\t\t\t\t<\/div>\n\t\t\t\t\t<\/div>\n\t\t<\/div>\n\t\t\t\t\t<\/div>\n\t\t<\/section>\n\t\t\t\t<\/div>\n\t\t","protected":false},"excerpt":{"rendered":"<table>\n<thead>\n<tr>\n<th style=\"text-align: left;\" colspan=\"2\">Features<\/th>\n<\/tr>\n<\/thead>\n<tbody>\n<tr>\n<td class=\"feature\">Trailer size<\/td>\n<td>5990\u00d72250\u00d73200mm<\/td>\n<\/tr>\n<tr>\n<td class=\"feature\">Screen Size<\/td>\n<td>3840\u00d71920mm,Dot Pitch:P3\/P4\/P5\/P6<br \/>\n3840\u00d71920mm,Dot Pitch:P3\/P4\/P5\/P6<br \/>\n1920\u00d71920mm,Dot Pitch:P3\/P4\/P5\/P6<\/td>\n<\/tr>\n<tr>\n<td class=\"feature\">Hydraulic Lifting<\/td>\n<td>Led screen 90 degree hydraulic turnover cylinder<\/td>\n<\/tr>\n<tr>\n<td class=\"feature\">Total mass<\/td>\n<td>4500KG<\/td>\n<\/tr>\n<tr>\n<td class=\"feature\">Axle base<\/td>\n<td>3308mm<\/td>\n<\/tr>\n<\/tbody>\n<\/table>\n","protected":false},"featured_media":25341,"comment_status":"closed","ping_status":"closed","template":"","meta":{"site-sidebar-layout":"no-sidebar","site-content-layout":"page-builder","ast-site-content-layout":"default","site-content-style":"default","site-sidebar-style":"default","ast-global-header-display":"","ast-banner-title-visibility":"","ast-main-header-display":"","ast-hfb-above-header-display":"","ast-hfb-below-header-display":"","ast-hfb-mobile-header-display":"","site-post-title":"disabled","ast-breadcrumbs-content":"","ast-featured-img":"disabled","footer-sml-layout":"","ast-disable-related-posts":"","theme-transparent-header-meta":"default","adv-header-id-meta":"","stick-header-meta":"","header-above-stick-meta":"","header-main-stick-meta":"","header-below-stick-meta":"","astra-migrate-meta-layouts":"default","ast-page-background-enabled":"default","ast-page-background-meta":{"desktop":{"background-color":"var(--ast-global-color-4)","background-image":"","background-repeat":"repeat","background-position":"center center","background-size":"auto","background-attachment":"scroll","background-type":"","background-media":"","overlay-type":"","overlay-color":"","overlay-opacity":"","overlay-gradient":""},"tablet":{"background-color":"","background-image":"","background-repeat":"repeat","background-position":"center center","background-size":"auto","background-attachment":"scroll","background-type":"","background-media":"","overlay-type":"","overlay-color":"","overlay-opacity":"","overlay-gradient":""},"mobile":{"background-color":"","background-image":"","background-repeat":"repeat","background-position":"center center","background-size":"auto","background-attachment":"scroll","background-type":"","background-media":"","overlay-type":"","overlay-color":"","overlay-opacity":"","overlay-gradient":""}},"ast-content-background-meta":{"desktop":{"background-color":"var(--ast-global-color-5)","background-image":"","background-repeat":"repeat","background-position":"center center","background-size":"auto","background-attachment":"scroll","background-type":"","background-media":"","overlay-type":"","overlay-color":"","overlay-opacity":"","overlay-gradient":""},"tablet":{"background-color":"var(--ast-global-color-5)","background-image":"","background-repeat":"repeat","background-position":"center center","background-size":"auto","background-attachment":"scroll","background-type":"","background-media":"","overlay-type":"","overlay-color":"","overlay-opacity":"","overlay-gradient":""},"mobile":{"background-color":"var(--ast-global-color-5)","background-image":"","background-repeat":"repeat","background-position":"center center","background-size":"auto","background-attachment":"scroll","background-type":"","background-media":"","overlay-type":"","overlay-color":"","overlay-opacity":"","overlay-gradient":""}}},"pwb-brand":[],"product_brand":[],"product_cat":[139],"product_tag":[],"class_list":{"0":"post-25333","1":"product","2":"type-product","3":"status-publish","4":"has-post-thumbnail","6":"product_cat-led-trailer","7":"desktop-align-left","8":"tablet-align-left","9":"mobile-align-left","11":"first","12":"instock","13":"taxable","14":"shipping-taxable","15":"product-type-simple"},"yoast_head":"<!-- This site is optimized with the Yoast SEO plugin v27.3 - https:\/\/yoast.com\/product\/yoast-seo-wordpress\/ -->\n<title>D-3SF18<\/title>\n<meta name=\"robots\" content=\"index, follow, max-snippet:-1, max-image-preview:large, max-video-preview:-1\" \/>\n<link rel=\"canonical\" href=\"https:\/\/dynamo-led-displays.com\/de\/produkt\/d-3sf18\/\" \/>\n<meta property=\"og:locale\" content=\"de_DE\" \/>\n<meta property=\"og:type\" content=\"article\" \/>\n<meta property=\"og:title\" content=\"D-3SF18\" \/>\n<meta property=\"og:description\" content=\"Features     Trailer size 5990\u00d72250\u00d73200mm   Screen Size 3840\u00d71920mm,Dot Pitch:P3\/P4\/P5\/P6 3840\u00d71920mm,Dot Pitch:P3\/P4\/P5\/P6 1920\u00d71920mm,Dot Pitch:P3\/P4\/P5\/P6   Hydraulic Lifting Led screen 90 degree hydraulic turnover cylinder   Total mass 4500KG   Axle base 3308mm\" \/>\n<meta property=\"og:url\" content=\"https:\/\/dynamo-led-displays.com\/de\/produkt\/d-3sf18\/\" \/>\n<meta property=\"og:site_name\" content=\"LED Display &amp; LED Screen Installations\" \/>\n<meta property=\"article:publisher\" content=\"https:\/\/www.facebook.com\/dynamoled\/\" \/>\n<meta property=\"article:modified_time\" content=\"2023-09-06T21:57:37+00:00\" \/>\n<meta property=\"og:image\" content=\"https:\/\/dynamo-led-displays.com\/wp-content\/uploads\/2023\/04\/E-3SF18.webp\" \/>\n\t<meta property=\"og:image:width\" content=\"600\" \/>\n\t<meta property=\"og:image:height\" content=\"447\" \/>\n\t<meta property=\"og:image:type\" content=\"image\/webp\" \/>\n<meta name=\"twitter:card\" content=\"summary_large_image\" \/>\n<meta name=\"twitter:site\" content=\"@DynamoLed\" \/>\n<meta name=\"twitter:label1\" content=\"Preis\" \/>\n\t<meta name=\"twitter:data1\" content=\"\" \/>\n\t<meta name=\"twitter:label2\" content=\"Verf\u00fcgbarkeit\" \/>\n\t<meta name=\"twitter:data2\" content=\"Auf Lager\" \/>\n<script type=\"application\/ld+json\" class=\"yoast-schema-graph\">{\"@context\":\"https:\\\/\\\/schema.org\",\"@graph\":[{\"@type\":\"WebPage\",\"@id\":\"https:\\\/\\\/dynamo-led-displays.com\\\/de\\\/produkt\\\/d-3sf18\\\/\",\"url\":\"https:\\\/\\\/dynamo-led-displays.com\\\/de\\\/produkt\\\/d-3sf18\\\/\",\"name\":\"D-3SF18\",\"isPartOf\":{\"@id\":\"https:\\\/\\\/dynamo-led-displays.com\\\/de\\\/#website\"},\"primaryImageOfPage\":{\"@id\":\"https:\\\/\\\/dynamo-led-displays.com\\\/de\\\/produkt\\\/d-3sf18\\\/#primaryimage\"},\"image\":{\"@id\":\"https:\\\/\\\/dynamo-led-displays.com\\\/de\\\/produkt\\\/d-3sf18\\\/#primaryimage\"},\"thumbnailUrl\":\"https:\\\/\\\/dynamo-led-displays.com\\\/wp-content\\\/uploads\\\/2023\\\/04\\\/E-3SF18.webp\",\"datePublished\":\"2023-04-13T17:30:22+00:00\",\"dateModified\":\"2023-09-06T21:57:37+00:00\",\"breadcrumb\":{\"@id\":\"https:\\\/\\\/dynamo-led-displays.com\\\/de\\\/produkt\\\/d-3sf18\\\/#breadcrumb\"},\"inLanguage\":\"de\",\"potentialAction\":[{\"@type\":\"ReadAction\",\"target\":[\"https:\\\/\\\/dynamo-led-displays.com\\\/de\\\/produkt\\\/d-3sf18\\\/\"]}]},{\"@type\":\"ImageObject\",\"inLanguage\":\"de\",\"@id\":\"https:\\\/\\\/dynamo-led-displays.com\\\/de\\\/produkt\\\/d-3sf18\\\/#primaryimage\",\"url\":\"https:\\\/\\\/dynamo-led-displays.com\\\/wp-content\\\/uploads\\\/2023\\\/04\\\/E-3SF18.webp\",\"contentUrl\":\"https:\\\/\\\/dynamo-led-displays.com\\\/wp-content\\\/uploads\\\/2023\\\/04\\\/E-3SF18.webp\",\"width\":600,\"height\":447,\"caption\":\"E-3SF18\"},{\"@type\":\"BreadcrumbList\",\"@id\":\"https:\\\/\\\/dynamo-led-displays.com\\\/de\\\/produkt\\\/d-3sf18\\\/#breadcrumb\",\"itemListElement\":[{\"@type\":\"ListItem\",\"position\":1,\"name\":\"Home\",\"item\":\"https:\\\/\\\/dynamo-led-displays.com\\\/de\\\/startseite\\\/\"},{\"@type\":\"ListItem\",\"position\":2,\"name\":\"Shop\",\"item\":\"https:\\\/\\\/dynamo-led-displays.com\\\/de\\\/shop\\\/\"},{\"@type\":\"ListItem\",\"position\":3,\"name\":\"D-3SF18\"}]},{\"@type\":\"WebSite\",\"@id\":\"https:\\\/\\\/dynamo-led-displays.com\\\/de\\\/#website\",\"url\":\"https:\\\/\\\/dynamo-led-displays.com\\\/de\\\/\",\"name\":\"LED Display & LED Screen Installations\",\"description\":\"Trusted UK Experts\",\"publisher\":{\"@id\":\"https:\\\/\\\/dynamo-led-displays.com\\\/de\\\/#organization\"},\"potentialAction\":[{\"@type\":\"SearchAction\",\"target\":{\"@type\":\"EntryPoint\",\"urlTemplate\":\"https:\\\/\\\/dynamo-led-displays.com\\\/de\\\/?s={search_term_string}\"},\"query-input\":{\"@type\":\"PropertyValueSpecification\",\"valueRequired\":true,\"valueName\":\"search_term_string\"}}],\"inLanguage\":\"de\"},{\"@type\":\"Organization\",\"@id\":\"https:\\\/\\\/dynamo-led-displays.com\\\/de\\\/#organization\",\"name\":\"Dynamo LED Displays\",\"alternateName\":\"Dynamo LED Displays Limited\",\"url\":\"https:\\\/\\\/dynamo-led-displays.com\\\/de\\\/\",\"logo\":{\"@type\":\"ImageObject\",\"inLanguage\":\"de\",\"@id\":\"https:\\\/\\\/dynamo-led-displays.com\\\/de\\\/#\\\/schema\\\/logo\\\/image\\\/\",\"url\":\"https:\\\/\\\/dynamo-led-displays.com\\\/wp-content\\\/uploads\\\/2022\\\/12\\\/logo-top.webp\",\"contentUrl\":\"https:\\\/\\\/dynamo-led-displays.com\\\/wp-content\\\/uploads\\\/2022\\\/12\\\/logo-top.webp\",\"width\":266,\"height\":88,\"caption\":\"Dynamo LED Displays\"},\"image\":{\"@id\":\"https:\\\/\\\/dynamo-led-displays.com\\\/de\\\/#\\\/schema\\\/logo\\\/image\\\/\"},\"sameAs\":[\"https:\\\/\\\/www.facebook.com\\\/dynamoled\\\/\",\"https:\\\/\\\/x.com\\\/DynamoLed\",\"https:\\\/\\\/www.instagram.com\\\/dynamoled\",\"https:\\\/\\\/www.youtube.com\\\/c\\\/DanielReynoldsdynamoleddisplays\",\"https:\\\/\\\/vimeo.com\\\/user35969056\"]}]}<\/script>\n<meta property=\"product:price:currency\" content=\"GBP\" \/>\n<meta property=\"og:availability\" content=\"instock\" \/>\n<meta property=\"product:availability\" content=\"instock\" \/>\n<meta property=\"product:retailer_item_id\" content=\"D-3SF18\" \/>\n<meta property=\"product:condition\" content=\"new\" \/>\n<!-- \/ Yoast SEO plugin. -->","yoast_head_json":{"title":"D-3SF18","robots":{"index":"index","follow":"follow","max-snippet":"max-snippet:-1","max-image-preview":"max-image-preview:large","max-video-preview":"max-video-preview:-1"},"canonical":"https:\/\/dynamo-led-displays.com\/de\/produkt\/d-3sf18\/","og_locale":"de_DE","og_type":"article","og_title":"D-3SF18","og_description":"Features     Trailer size 5990\u00d72250\u00d73200mm   Screen Size 3840\u00d71920mm,Dot Pitch:P3\/P4\/P5\/P6 3840\u00d71920mm,Dot Pitch:P3\/P4\/P5\/P6 1920\u00d71920mm,Dot Pitch:P3\/P4\/P5\/P6   Hydraulic Lifting Led screen 90 degree hydraulic turnover cylinder   Total mass 4500KG   Axle base 3308mm","og_url":"https:\/\/dynamo-led-displays.com\/de\/produkt\/d-3sf18\/","og_site_name":"LED Display &amp; LED Screen Installations","article_publisher":"https:\/\/www.facebook.com\/dynamoled\/","article_modified_time":"2023-09-06T21:57:37+00:00","og_image":[{"width":600,"height":447,"url":"https:\/\/dynamo-led-displays.com\/wp-content\/uploads\/2023\/04\/E-3SF18.webp","type":"image\/webp"}],"twitter_card":"summary_large_image","twitter_site":"@DynamoLed","twitter_misc":{"Preis":"","Verf\u00fcgbarkeit":"Auf Lager"},"schema":{"@context":"https:\/\/schema.org","@graph":[{"@type":"WebPage","@id":"https:\/\/dynamo-led-displays.com\/de\/produkt\/d-3sf18\/","url":"https:\/\/dynamo-led-displays.com\/de\/produkt\/d-3sf18\/","name":"D-3SF18","isPartOf":{"@id":"https:\/\/dynamo-led-displays.com\/de\/#website"},"primaryImageOfPage":{"@id":"https:\/\/dynamo-led-displays.com\/de\/produkt\/d-3sf18\/#primaryimage"},"image":{"@id":"https:\/\/dynamo-led-displays.com\/de\/produkt\/d-3sf18\/#primaryimage"},"thumbnailUrl":"https:\/\/dynamo-led-displays.com\/wp-content\/uploads\/2023\/04\/E-3SF18.webp","datePublished":"2023-04-13T17:30:22+00:00","dateModified":"2023-09-06T21:57:37+00:00","breadcrumb":{"@id":"https:\/\/dynamo-led-displays.com\/de\/produkt\/d-3sf18\/#breadcrumb"},"inLanguage":"de","potentialAction":[{"@type":"ReadAction","target":["https:\/\/dynamo-led-displays.com\/de\/produkt\/d-3sf18\/"]}]},{"@type":"ImageObject","inLanguage":"de","@id":"https:\/\/dynamo-led-displays.com\/de\/produkt\/d-3sf18\/#primaryimage","url":"https:\/\/dynamo-led-displays.com\/wp-content\/uploads\/2023\/04\/E-3SF18.webp","contentUrl":"https:\/\/dynamo-led-displays.com\/wp-content\/uploads\/2023\/04\/E-3SF18.webp","width":600,"height":447,"caption":"E-3SF18"},{"@type":"BreadcrumbList","@id":"https:\/\/dynamo-led-displays.com\/de\/produkt\/d-3sf18\/#breadcrumb","itemListElement":[{"@type":"ListItem","position":1,"name":"Home","item":"https:\/\/dynamo-led-displays.com\/de\/startseite\/"},{"@type":"ListItem","position":2,"name":"Shop","item":"https:\/\/dynamo-led-displays.com\/de\/shop\/"},{"@type":"ListItem","position":3,"name":"D-3SF18"}]},{"@type":"WebSite","@id":"https:\/\/dynamo-led-displays.com\/de\/#website","url":"https:\/\/dynamo-led-displays.com\/de\/","name":"LED Display & LED Screen Installations","description":"Trusted UK Experts","publisher":{"@id":"https:\/\/dynamo-led-displays.com\/de\/#organization"},"potentialAction":[{"@type":"SearchAction","target":{"@type":"EntryPoint","urlTemplate":"https:\/\/dynamo-led-displays.com\/de\/?s={search_term_string}"},"query-input":{"@type":"PropertyValueSpecification","valueRequired":true,"valueName":"search_term_string"}}],"inLanguage":"de"},{"@type":"Organization","@id":"https:\/\/dynamo-led-displays.com\/de\/#organization","name":"Dynamo LED Displays","alternateName":"Dynamo LED Displays Limited","url":"https:\/\/dynamo-led-displays.com\/de\/","logo":{"@type":"ImageObject","inLanguage":"de","@id":"https:\/\/dynamo-led-displays.com\/de\/#\/schema\/logo\/image\/","url":"https:\/\/dynamo-led-displays.com\/wp-content\/uploads\/2022\/12\/logo-top.webp","contentUrl":"https:\/\/dynamo-led-displays.com\/wp-content\/uploads\/2022\/12\/logo-top.webp","width":266,"height":88,"caption":"Dynamo LED Displays"},"image":{"@id":"https:\/\/dynamo-led-displays.com\/de\/#\/schema\/logo\/image\/"},"sameAs":["https:\/\/www.facebook.com\/dynamoled\/","https:\/\/x.com\/DynamoLed","https:\/\/www.instagram.com\/dynamoled","https:\/\/www.youtube.com\/c\/DanielReynoldsdynamoleddisplays","https:\/\/vimeo.com\/user35969056"]}]},"product_price_currency":"GBP","og_availability":"instock","product_availability":"instock","product_retailer_item_id":"D-3SF18","product_condition":"new"},"brands":[],"_links":{"self":[{"href":"https:\/\/dynamo-led-displays.com\/de\/wp-json\/wp\/v2\/product\/25333","targetHints":{"allow":["GET"]}}],"collection":[{"href":"https:\/\/dynamo-led-displays.com\/de\/wp-json\/wp\/v2\/product"}],"about":[{"href":"https:\/\/dynamo-led-displays.com\/de\/wp-json\/wp\/v2\/types\/product"}],"replies":[{"embeddable":true,"href":"https:\/\/dynamo-led-displays.com\/de\/wp-json\/wp\/v2\/comments?post=25333"}],"version-history":[{"count":0,"href":"https:\/\/dynamo-led-displays.com\/de\/wp-json\/wp\/v2\/product\/25333\/revisions"}],"wp:featuredmedia":[{"embeddable":true,"href":"https:\/\/dynamo-led-displays.com\/de\/wp-json\/wp\/v2\/media\/25341"}],"wp:attachment":[{"href":"https:\/\/dynamo-led-displays.com\/de\/wp-json\/wp\/v2\/media?parent=25333"}],"wp:term":[{"taxonomy":"pwb-brand","embeddable":true,"href":"https:\/\/dynamo-led-displays.com\/de\/wp-json\/wp\/v2\/pwb-brand?post=25333"},{"taxonomy":"product_brand","embeddable":true,"href":"https:\/\/dynamo-led-displays.com\/de\/wp-json\/wp\/v2\/product_brand?post=25333"},{"taxonomy":"product_cat","embeddable":true,"href":"https:\/\/dynamo-led-displays.com\/de\/wp-json\/wp\/v2\/product_cat?post=25333"},{"taxonomy":"product_tag","embeddable":true,"href":"https:\/\/dynamo-led-displays.com\/de\/wp-json\/wp\/v2\/product_tag?post=25333"}],"curies":[{"name":"wp","href":"https:\/\/api.w.org\/{rel}","templated":true}]}}