{"id":41664,"date":"2023-01-02T00:17:23","date_gmt":"2023-01-02T00:17:23","guid":{"rendered":"https:\/\/dynamo-led-displays.com\/sobre-nosotros\/"},"modified":"2025-07-26T17:24:13","modified_gmt":"2025-07-26T17:24:13","slug":"sobre-nosotros","status":"publish","type":"page","link":"https:\/\/dynamo-led-displays.com\/es\/sobre-nosotros\/","title":{"rendered":"Sobre nosotros"},"content":{"rendered":"\t\t<div data-elementor-type=\"wp-page\" data-elementor-id=\"41664\" class=\"elementor elementor-41664 elementor-13070\" data-elementor-post-type=\"page\">\n\t\t\t\t\t\t<section class=\"elementor-section elementor-top-section elementor-element elementor-element-1e7e8cd9 elementor-section-content-middle elementor-section-height-min-height elementor-section-boxed elementor-section-height-default elementor-section-items-middle\" data-id=\"1e7e8cd9\" data-element_type=\"section\" data-e-type=\"section\" data-settings=\"{&quot;background_background&quot;:&quot;classic&quot;}\">\n\t\t\t\t\t\t\t<div class=\"elementor-background-overlay\"><\/div>\n\t\t\t\t\t\t\t<div class=\"elementor-container elementor-column-gap-default\">\n\t\t\t\t\t<div class=\"elementor-column elementor-col-100 elementor-top-column elementor-element elementor-element-6e68df09\" data-id=\"6e68df09\" data-element_type=\"column\" data-e-type=\"column\">\n\t\t\t<div class=\"elementor-widget-wrap elementor-element-populated\">\n\t\t\t\t\t\t<div class=\"elementor-element elementor-element-41ad1b97 elementor-widget elementor-widget-heading\" data-id=\"41ad1b97\" data-element_type=\"widget\" data-e-type=\"widget\" data-widget_type=\"heading.default\">\n\t\t\t\t\t<h1 class=\"elementor-heading-title elementor-size-default\">Sobre nosotros<\/h1>\t\t\t\t<\/div>\n\t\t\t\t\t<\/div>\n\t\t<\/div>\n\t\t\t\t\t<\/div>\n\t\t<\/section>\n\t\t\t\t<section class=\"elementor-section elementor-top-section elementor-element elementor-element-354449fd elementor-reverse-mobile elementor-section-boxed elementor-section-height-default elementor-section-height-default\" data-id=\"354449fd\" data-element_type=\"section\" data-e-type=\"section\" data-settings=\"{&quot;background_background&quot;:&quot;gradient&quot;}\">\n\t\t\t\t\t\t<div class=\"elementor-container elementor-column-gap-default\">\n\t\t\t\t\t<div class=\"elementor-column elementor-col-50 elementor-top-column elementor-element elementor-element-6c03ce7\" data-id=\"6c03ce7\" data-element_type=\"column\" data-e-type=\"column\">\n\t\t\t<div class=\"elementor-widget-wrap elementor-element-populated\">\n\t\t\t\t\t\t<div class=\"elementor-element elementor-element-3bfde8c4 elementor-widget elementor-widget-heading\" data-id=\"3bfde8c4\" data-element_type=\"widget\" data-e-type=\"widget\" data-widget_type=\"heading.default\">\n\t\t\t\t\t<h5 class=\"elementor-heading-title elementor-size-default\">Bienvenido a Dynamo Led Displays<\/h5>\t\t\t\t<\/div>\n\t\t\t\t<div class=\"elementor-element elementor-element-38009d4 elementor-widget elementor-widget-heading\" data-id=\"38009d4\" data-element_type=\"widget\" data-e-type=\"widget\" data-widget_type=\"heading.default\">\n\t\t\t\t\t<h2 class=\"elementor-heading-title elementor-size-default\">Los especialistas en pantallas LED n\u00famero 1 del Reino Unido<\/h2>\t\t\t\t<\/div>\n\t\t\t\t<div class=\"elementor-element elementor-element-4bcb82a8 elementor-widget elementor-widget-text-editor\" data-id=\"4bcb82a8\" data-element_type=\"widget\" data-e-type=\"widget\" data-widget_type=\"text-editor.default\">\n\t\t\t\t\t\t\t\t\tDynamo LED Displays es una empresa de fabricaci\u00f3n de pantallas LED con sede en el Reino Unido y Dubai. Estamos especializados en el campo de las pantallas de v\u00eddeo LED, los teleindicadores LED, la adquisici\u00f3n de datos y las pantallas LED interactivas.\n\nNuestra visi\u00f3n es ofrecer la mejor calidad al precio m\u00e1s competitivo.\n\nDisponemos de una amplia gama de conocimientos que van desde la electr\u00f3nica, la inform\u00e1tica y la ingenier\u00eda, necesarios para conseguir la alta calidad que exigen nuestros clientes.\n\nNuestro equipo de investigaci\u00f3n y desarrollo es especialmente fuerte en hardware y software. Dise\u00f1amos la mayor\u00eda de los sistemas nosotros mismos, incluidos nuestros propios sistemas de control LED.\n\nFabricamos una serie de productos diferentes con reputaci\u00f3n de dise\u00f1os innovadores y excelente calidad.\t\t\t\t\t\t\t\t<\/div>\n\t\t\t\t\t<\/div>\n\t\t<\/div>\n\t\t\t\t<div class=\"elementor-column elementor-col-50 elementor-top-column elementor-element elementor-element-541faeea\" data-id=\"541faeea\" data-element_type=\"column\" data-e-type=\"column\" data-settings=\"{&quot;background_background&quot;:&quot;classic&quot;}\">\n\t\t\t<div class=\"elementor-widget-wrap elementor-element-populated\">\n\t\t\t\t\t\t<div class=\"elementor-element elementor-element-6a31dc46 elementor-widget elementor-widget-image\" data-id=\"6a31dc46\" data-element_type=\"widget\" data-e-type=\"widget\" data-widget_type=\"image.default\">\n\t\t\t\t\t\t\t\t\t\t\t\t\t\t\t<img fetchpriority=\"high\" decoding=\"async\" width=\"1920\" height=\"528\" src=\"https:\/\/dynamo-led-displays.com\/wp-content\/uploads\/2023\/01\/about-us.jpg\" class=\"attachment-full size-full wp-image-35501\" alt=\"About us\" srcset=\"https:\/\/dynamo-led-displays.com\/wp-content\/uploads\/2023\/01\/about-us.jpg 1920w, https:\/\/dynamo-led-displays.com\/wp-content\/uploads\/2023\/01\/about-us-300x83.jpg 300w, https:\/\/dynamo-led-displays.com\/wp-content\/uploads\/2023\/01\/about-us-1024x282.jpg 1024w, https:\/\/dynamo-led-displays.com\/wp-content\/uploads\/2023\/01\/about-us-768x211.jpg 768w, https:\/\/dynamo-led-displays.com\/wp-content\/uploads\/2023\/01\/about-us-1536x422.jpg 1536w, https:\/\/dynamo-led-displays.com\/wp-content\/uploads\/2023\/01\/about-us-600x165.jpg 600w\" sizes=\"(max-width: 1920px) 100vw, 1920px\" \/>\t\t\t\t\t\t\t\t\t\t\t\t\t\t\t<\/div>\n\t\t\t\t<div class=\"elementor-element elementor-element-1b144204 elementor-widget__width-auto elementor-absolute elementor-hidden-tablet elementor-hidden-phone elementor-widget elementor-widget-spacer\" data-id=\"1b144204\" data-element_type=\"widget\" data-e-type=\"widget\" data-settings=\"{&quot;_position&quot;:&quot;absolute&quot;}\" data-widget_type=\"spacer.default\">\n\t\t\t\t\t\t\t<div class=\"elementor-spacer\">\n\t\t\t<div class=\"elementor-spacer-inner\"><\/div>\n\t\t<\/div>\n\t\t\t\t\t\t<\/div>\n\t\t\t\t<div class=\"elementor-element elementor-element-2f26b150 elementor-widget__width-auto elementor-absolute elementor-hidden-tablet elementor-hidden-phone elementor-widget elementor-widget-spacer\" data-id=\"2f26b150\" data-element_type=\"widget\" data-e-type=\"widget\" data-settings=\"{&quot;_position&quot;:&quot;absolute&quot;}\" data-widget_type=\"spacer.default\">\n\t\t\t\t\t\t\t<div class=\"elementor-spacer\">\n\t\t\t<div class=\"elementor-spacer-inner\"><\/div>\n\t\t<\/div>\n\t\t\t\t\t\t<\/div>\n\t\t\t\t\t<\/div>\n\t\t<\/div>\n\t\t\t\t\t<\/div>\n\t\t<\/section>\n\t\t\t\t<\/div>\n\t\t","protected":false},"excerpt":{"rendered":"<p>Sobre nosotros Bienvenido a Dynamo Led Displays Los especialistas en pantallas LED n\u00famero 1 del Reino Unido Dynamo LED Displays es una empresa de fabricaci\u00f3n de pantallas LED con sede en el Reino Unido y Dubai. Estamos especializados en el campo de las pantallas de v\u00eddeo LED, los teleindicadores LED, la adquisici\u00f3n de datos y [&hellip;]<\/p>\n","protected":false},"author":2,"featured_media":0,"parent":0,"menu_order":0,"comment_status":"closed","ping_status":"closed","template":"","meta":{"site-sidebar-layout":"no-sidebar","site-content-layout":"page-builder","ast-site-content-layout":"default","site-content-style":"default","site-sidebar-style":"default","ast-global-header-display":"","ast-banner-title-visibility":"","ast-main-header-display":"","ast-hfb-above-header-display":"","ast-hfb-below-header-display":"","ast-hfb-mobile-header-display":"","site-post-title":"disabled","ast-breadcrumbs-content":"","ast-featured-img":"disabled","footer-sml-layout":"","ast-disable-related-posts":"","theme-transparent-header-meta":"default","adv-header-id-meta":"","stick-header-meta":"","header-above-stick-meta":"","header-main-stick-meta":"","header-below-stick-meta":"","astra-migrate-meta-layouts":"default","ast-page-background-enabled":"default","ast-page-background-meta":{"desktop":{"background-color":"var(--ast-global-color-4)","background-image":"","background-repeat":"repeat","background-position":"center center","background-size":"auto","background-attachment":"scroll","background-type":"","background-media":"","overlay-type":"","overlay-color":"","overlay-opacity":"","overlay-gradient":""},"tablet":{"background-color":"","background-image":"","background-repeat":"repeat","background-position":"center center","background-size":"auto","background-attachment":"scroll","background-type":"","background-media":"","overlay-type":"","overlay-color":"","overlay-opacity":"","overlay-gradient":""},"mobile":{"background-color":"","background-image":"","background-repeat":"repeat","background-position":"center center","background-size":"auto","background-attachment":"scroll","background-type":"","background-media":"","overlay-type":"","overlay-color":"","overlay-opacity":"","overlay-gradient":""}},"ast-content-background-meta":{"desktop":{"background-color":"var(--ast-global-color-5)","background-image":"","background-repeat":"repeat","background-position":"center center","background-size":"auto","background-attachment":"scroll","background-type":"","background-media":"","overlay-type":"","overlay-color":"","overlay-opacity":"","overlay-gradient":""},"tablet":{"background-color":"var(--ast-global-color-5)","background-image":"","background-repeat":"repeat","background-position":"center center","background-size":"auto","background-attachment":"scroll","background-type":"","background-media":"","overlay-type":"","overlay-color":"","overlay-opacity":"","overlay-gradient":""},"mobile":{"background-color":"var(--ast-global-color-5)","background-image":"","background-repeat":"repeat","background-position":"center center","background-size":"auto","background-attachment":"scroll","background-type":"","background-media":"","overlay-type":"","overlay-color":"","overlay-opacity":"","overlay-gradient":""}},"footnotes":""},"class_list":["post-41664","page","type-page","status-publish","hentry"],"yoast_head":"<!-- This site is optimized with the Yoast SEO plugin v27.3 - https:\/\/yoast.com\/product\/yoast-seo-wordpress\/ -->\n<title>Sobre nosotros - Dynamo LED Displays - Pantallas LED Reino Unido<\/title>\n<meta name=\"description\" content=\"La p\u00e1gina sobre nosotros de Dynamo LED Displays UK. Con sede tanto en el Reino Unido como en Dubai, Dynamo ha instalado algunas de las pantallas LED m\u00e1s incre\u00edbles del mundo.\" \/>\n<meta name=\"robots\" content=\"index, follow, max-snippet:-1, max-image-preview:large, max-video-preview:-1\" \/>\n<link rel=\"canonical\" href=\"https:\/\/dynamo-led-displays.com\/es\/sobre-nosotros\/\" \/>\n<meta property=\"og:locale\" content=\"es_ES\" \/>\n<meta property=\"og:type\" content=\"article\" \/>\n<meta property=\"og:title\" content=\"Sobre nosotros - Dynamo LED Displays - Pantallas LED Reino Unido\" \/>\n<meta property=\"og:description\" content=\"La p\u00e1gina sobre nosotros de Dynamo LED Displays UK. Con sede tanto en el Reino Unido como en Dubai, Dynamo ha instalado algunas de las pantallas LED m\u00e1s incre\u00edbles del mundo.\" \/>\n<meta property=\"og:url\" content=\"https:\/\/dynamo-led-displays.com\/es\/sobre-nosotros\/\" \/>\n<meta property=\"og:site_name\" content=\"LED Display &amp; LED Screen Installations\" \/>\n<meta property=\"article:publisher\" content=\"https:\/\/www.facebook.com\/dynamoled\/\" \/>\n<meta property=\"article:modified_time\" content=\"2025-07-26T17:24:13+00:00\" \/>\n<meta property=\"og:image\" content=\"https:\/\/dynamo-led-displays.com\/wp-content\/uploads\/2023\/01\/about-us.jpg\" \/>\n\t<meta property=\"og:image:width\" content=\"1920\" \/>\n\t<meta property=\"og:image:height\" content=\"528\" \/>\n\t<meta property=\"og:image:type\" content=\"image\/jpeg\" \/>\n<meta name=\"twitter:card\" content=\"summary_large_image\" \/>\n<meta name=\"twitter:site\" content=\"@DynamoLed\" \/>\n<meta name=\"twitter:label1\" content=\"Tiempo de lectura\" \/>\n\t<meta name=\"twitter:data1\" content=\"1 minuto\" \/>\n<script type=\"application\/ld+json\" class=\"yoast-schema-graph\">{\"@context\":\"https:\\\/\\\/schema.org\",\"@graph\":[{\"@type\":\"WebPage\",\"@id\":\"https:\\\/\\\/dynamo-led-displays.com\\\/es\\\/sobre-nosotros\\\/\",\"url\":\"https:\\\/\\\/dynamo-led-displays.com\\\/es\\\/sobre-nosotros\\\/\",\"name\":\"Sobre nosotros - Dynamo LED Displays - Pantallas LED Reino Unido\",\"isPartOf\":{\"@id\":\"https:\\\/\\\/dynamo-led-displays.com\\\/es\\\/#website\"},\"primaryImageOfPage\":{\"@id\":\"https:\\\/\\\/dynamo-led-displays.com\\\/es\\\/sobre-nosotros\\\/#primaryimage\"},\"image\":{\"@id\":\"https:\\\/\\\/dynamo-led-displays.com\\\/es\\\/sobre-nosotros\\\/#primaryimage\"},\"thumbnailUrl\":\"https:\\\/\\\/dynamo-led-displays.com\\\/wp-content\\\/uploads\\\/2023\\\/01\\\/about-us.jpg\",\"datePublished\":\"2023-01-02T00:17:23+00:00\",\"dateModified\":\"2025-07-26T17:24:13+00:00\",\"description\":\"La p\u00e1gina sobre nosotros de Dynamo LED Displays UK. Con sede tanto en el Reino Unido como en Dubai, Dynamo ha instalado algunas de las pantallas LED m\u00e1s incre\u00edbles del mundo.\",\"breadcrumb\":{\"@id\":\"https:\\\/\\\/dynamo-led-displays.com\\\/es\\\/sobre-nosotros\\\/#breadcrumb\"},\"inLanguage\":\"es\",\"potentialAction\":[{\"@type\":\"ReadAction\",\"target\":[\"https:\\\/\\\/dynamo-led-displays.com\\\/es\\\/sobre-nosotros\\\/\"]}]},{\"@type\":\"ImageObject\",\"inLanguage\":\"es\",\"@id\":\"https:\\\/\\\/dynamo-led-displays.com\\\/es\\\/sobre-nosotros\\\/#primaryimage\",\"url\":\"https:\\\/\\\/dynamo-led-displays.com\\\/wp-content\\\/uploads\\\/2023\\\/01\\\/about-us.jpg\",\"contentUrl\":\"https:\\\/\\\/dynamo-led-displays.com\\\/wp-content\\\/uploads\\\/2023\\\/01\\\/about-us.jpg\"},{\"@type\":\"BreadcrumbList\",\"@id\":\"https:\\\/\\\/dynamo-led-displays.com\\\/es\\\/sobre-nosotros\\\/#breadcrumb\",\"itemListElement\":[{\"@type\":\"ListItem\",\"position\":1,\"name\":\"Home\",\"item\":\"https:\\\/\\\/dynamo-led-displays.com\\\/es\\\/inicio\\\/\"},{\"@type\":\"ListItem\",\"position\":2,\"name\":\"Sobre nosotros\"}]},{\"@type\":\"WebSite\",\"@id\":\"https:\\\/\\\/dynamo-led-displays.com\\\/es\\\/#website\",\"url\":\"https:\\\/\\\/dynamo-led-displays.com\\\/es\\\/\",\"name\":\"LED Display & LED Screen Installations\",\"description\":\"Trusted UK Experts\",\"publisher\":{\"@id\":\"https:\\\/\\\/dynamo-led-displays.com\\\/es\\\/#organization\"},\"potentialAction\":[{\"@type\":\"SearchAction\",\"target\":{\"@type\":\"EntryPoint\",\"urlTemplate\":\"https:\\\/\\\/dynamo-led-displays.com\\\/es\\\/?s={search_term_string}\"},\"query-input\":{\"@type\":\"PropertyValueSpecification\",\"valueRequired\":true,\"valueName\":\"search_term_string\"}}],\"inLanguage\":\"es\"},{\"@type\":\"Organization\",\"@id\":\"https:\\\/\\\/dynamo-led-displays.com\\\/es\\\/#organization\",\"name\":\"Dynamo LED Displays\",\"alternateName\":\"Dynamo LED Displays Limited\",\"url\":\"https:\\\/\\\/dynamo-led-displays.com\\\/es\\\/\",\"logo\":{\"@type\":\"ImageObject\",\"inLanguage\":\"es\",\"@id\":\"https:\\\/\\\/dynamo-led-displays.com\\\/es\\\/#\\\/schema\\\/logo\\\/image\\\/\",\"url\":\"https:\\\/\\\/dynamo-led-displays.com\\\/wp-content\\\/uploads\\\/2022\\\/12\\\/logo-top.webp\",\"contentUrl\":\"https:\\\/\\\/dynamo-led-displays.com\\\/wp-content\\\/uploads\\\/2022\\\/12\\\/logo-top.webp\",\"width\":266,\"height\":88,\"caption\":\"Dynamo LED Displays\"},\"image\":{\"@id\":\"https:\\\/\\\/dynamo-led-displays.com\\\/es\\\/#\\\/schema\\\/logo\\\/image\\\/\"},\"sameAs\":[\"https:\\\/\\\/www.facebook.com\\\/dynamoled\\\/\",\"https:\\\/\\\/x.com\\\/DynamoLed\",\"https:\\\/\\\/www.instagram.com\\\/dynamoled\",\"https:\\\/\\\/www.youtube.com\\\/c\\\/DanielReynoldsdynamoleddisplays\",\"https:\\\/\\\/vimeo.com\\\/user35969056\"]}]}<\/script>\n<!-- \/ Yoast SEO plugin. -->","yoast_head_json":{"title":"Sobre nosotros - Dynamo LED Displays - Pantallas LED Reino Unido","description":"La p\u00e1gina sobre nosotros de Dynamo LED Displays UK. Con sede tanto en el Reino Unido como en Dubai, Dynamo ha instalado algunas de las pantallas LED m\u00e1s incre\u00edbles del mundo.","robots":{"index":"index","follow":"follow","max-snippet":"max-snippet:-1","max-image-preview":"max-image-preview:large","max-video-preview":"max-video-preview:-1"},"canonical":"https:\/\/dynamo-led-displays.com\/es\/sobre-nosotros\/","og_locale":"es_ES","og_type":"article","og_title":"Sobre nosotros - Dynamo LED Displays - Pantallas LED Reino Unido","og_description":"La p\u00e1gina sobre nosotros de Dynamo LED Displays UK. Con sede tanto en el Reino Unido como en Dubai, Dynamo ha instalado algunas de las pantallas LED m\u00e1s incre\u00edbles del mundo.","og_url":"https:\/\/dynamo-led-displays.com\/es\/sobre-nosotros\/","og_site_name":"LED Display &amp; LED Screen Installations","article_publisher":"https:\/\/www.facebook.com\/dynamoled\/","article_modified_time":"2025-07-26T17:24:13+00:00","og_image":[{"width":1920,"height":528,"url":"https:\/\/dynamo-led-displays.com\/wp-content\/uploads\/2023\/01\/about-us.jpg","type":"image\/jpeg"}],"twitter_card":"summary_large_image","twitter_site":"@DynamoLed","twitter_misc":{"Tiempo de lectura":"1 minuto"},"schema":{"@context":"https:\/\/schema.org","@graph":[{"@type":"WebPage","@id":"https:\/\/dynamo-led-displays.com\/es\/sobre-nosotros\/","url":"https:\/\/dynamo-led-displays.com\/es\/sobre-nosotros\/","name":"Sobre nosotros - Dynamo LED Displays - Pantallas LED Reino Unido","isPartOf":{"@id":"https:\/\/dynamo-led-displays.com\/es\/#website"},"primaryImageOfPage":{"@id":"https:\/\/dynamo-led-displays.com\/es\/sobre-nosotros\/#primaryimage"},"image":{"@id":"https:\/\/dynamo-led-displays.com\/es\/sobre-nosotros\/#primaryimage"},"thumbnailUrl":"https:\/\/dynamo-led-displays.com\/wp-content\/uploads\/2023\/01\/about-us.jpg","datePublished":"2023-01-02T00:17:23+00:00","dateModified":"2025-07-26T17:24:13+00:00","description":"La p\u00e1gina sobre nosotros de Dynamo LED Displays UK. Con sede tanto en el Reino Unido como en Dubai, Dynamo ha instalado algunas de las pantallas LED m\u00e1s incre\u00edbles del mundo.","breadcrumb":{"@id":"https:\/\/dynamo-led-displays.com\/es\/sobre-nosotros\/#breadcrumb"},"inLanguage":"es","potentialAction":[{"@type":"ReadAction","target":["https:\/\/dynamo-led-displays.com\/es\/sobre-nosotros\/"]}]},{"@type":"ImageObject","inLanguage":"es","@id":"https:\/\/dynamo-led-displays.com\/es\/sobre-nosotros\/#primaryimage","url":"https:\/\/dynamo-led-displays.com\/wp-content\/uploads\/2023\/01\/about-us.jpg","contentUrl":"https:\/\/dynamo-led-displays.com\/wp-content\/uploads\/2023\/01\/about-us.jpg"},{"@type":"BreadcrumbList","@id":"https:\/\/dynamo-led-displays.com\/es\/sobre-nosotros\/#breadcrumb","itemListElement":[{"@type":"ListItem","position":1,"name":"Home","item":"https:\/\/dynamo-led-displays.com\/es\/inicio\/"},{"@type":"ListItem","position":2,"name":"Sobre nosotros"}]},{"@type":"WebSite","@id":"https:\/\/dynamo-led-displays.com\/es\/#website","url":"https:\/\/dynamo-led-displays.com\/es\/","name":"LED Display & LED Screen Installations","description":"Trusted UK Experts","publisher":{"@id":"https:\/\/dynamo-led-displays.com\/es\/#organization"},"potentialAction":[{"@type":"SearchAction","target":{"@type":"EntryPoint","urlTemplate":"https:\/\/dynamo-led-displays.com\/es\/?s={search_term_string}"},"query-input":{"@type":"PropertyValueSpecification","valueRequired":true,"valueName":"search_term_string"}}],"inLanguage":"es"},{"@type":"Organization","@id":"https:\/\/dynamo-led-displays.com\/es\/#organization","name":"Dynamo LED Displays","alternateName":"Dynamo LED Displays Limited","url":"https:\/\/dynamo-led-displays.com\/es\/","logo":{"@type":"ImageObject","inLanguage":"es","@id":"https:\/\/dynamo-led-displays.com\/es\/#\/schema\/logo\/image\/","url":"https:\/\/dynamo-led-displays.com\/wp-content\/uploads\/2022\/12\/logo-top.webp","contentUrl":"https:\/\/dynamo-led-displays.com\/wp-content\/uploads\/2022\/12\/logo-top.webp","width":266,"height":88,"caption":"Dynamo LED Displays"},"image":{"@id":"https:\/\/dynamo-led-displays.com\/es\/#\/schema\/logo\/image\/"},"sameAs":["https:\/\/www.facebook.com\/dynamoled\/","https:\/\/x.com\/DynamoLed","https:\/\/www.instagram.com\/dynamoled","https:\/\/www.youtube.com\/c\/DanielReynoldsdynamoleddisplays","https:\/\/vimeo.com\/user35969056"]}]}},"_links":{"self":[{"href":"https:\/\/dynamo-led-displays.com\/es\/wp-json\/wp\/v2\/pages\/41664","targetHints":{"allow":["GET"]}}],"collection":[{"href":"https:\/\/dynamo-led-displays.com\/es\/wp-json\/wp\/v2\/pages"}],"about":[{"href":"https:\/\/dynamo-led-displays.com\/es\/wp-json\/wp\/v2\/types\/page"}],"author":[{"embeddable":true,"href":"https:\/\/dynamo-led-displays.com\/es\/wp-json\/wp\/v2\/users\/2"}],"replies":[{"embeddable":true,"href":"https:\/\/dynamo-led-displays.com\/es\/wp-json\/wp\/v2\/comments?post=41664"}],"version-history":[{"count":0,"href":"https:\/\/dynamo-led-displays.com\/es\/wp-json\/wp\/v2\/pages\/41664\/revisions"}],"wp:attachment":[{"href":"https:\/\/dynamo-led-displays.com\/es\/wp-json\/wp\/v2\/media?parent=41664"}],"curies":[{"name":"wp","href":"https:\/\/api.w.org\/{rel}","templated":true}]}}