{"id":41658,"date":"2023-01-02T00:17:23","date_gmt":"2023-01-02T00:17:23","guid":{"rendered":"https:\/\/dynamo-led-displays.com\/a-propos-de-nous\/"},"modified":"2025-07-26T17:22:36","modified_gmt":"2025-07-26T17:22:36","slug":"a-propos-de-nous","status":"publish","type":"page","link":"https:\/\/dynamo-led-displays.com\/fr\/a-propos-de-nous\/","title":{"rendered":"A propos de nous"},"content":{"rendered":"\t\t<div data-elementor-type=\"wp-page\" data-elementor-id=\"41658\" class=\"elementor elementor-41658 elementor-13070\" data-elementor-post-type=\"page\">\n\t\t\t\t\t\t<section class=\"elementor-section elementor-top-section elementor-element elementor-element-1e7e8cd9 elementor-section-content-middle elementor-section-height-min-height elementor-section-boxed elementor-section-height-default elementor-section-items-middle\" data-id=\"1e7e8cd9\" data-element_type=\"section\" data-e-type=\"section\" data-settings=\"{&quot;background_background&quot;:&quot;classic&quot;}\">\n\t\t\t\t\t\t\t<div class=\"elementor-background-overlay\"><\/div>\n\t\t\t\t\t\t\t<div class=\"elementor-container elementor-column-gap-default\">\n\t\t\t\t\t<div class=\"elementor-column elementor-col-100 elementor-top-column elementor-element elementor-element-6e68df09\" data-id=\"6e68df09\" data-element_type=\"column\" data-e-type=\"column\">\n\t\t\t<div class=\"elementor-widget-wrap elementor-element-populated\">\n\t\t\t\t\t\t<div class=\"elementor-element elementor-element-41ad1b97 elementor-widget elementor-widget-heading\" data-id=\"41ad1b97\" data-element_type=\"widget\" data-e-type=\"widget\" data-widget_type=\"heading.default\">\n\t\t\t\t\t<h1 class=\"elementor-heading-title elementor-size-default\">A propos de nous<\/h1>\t\t\t\t<\/div>\n\t\t\t\t\t<\/div>\n\t\t<\/div>\n\t\t\t\t\t<\/div>\n\t\t<\/section>\n\t\t\t\t<section class=\"elementor-section elementor-top-section elementor-element elementor-element-354449fd elementor-reverse-mobile elementor-section-boxed elementor-section-height-default elementor-section-height-default\" data-id=\"354449fd\" data-element_type=\"section\" data-e-type=\"section\" data-settings=\"{&quot;background_background&quot;:&quot;gradient&quot;}\">\n\t\t\t\t\t\t<div class=\"elementor-container elementor-column-gap-default\">\n\t\t\t\t\t<div class=\"elementor-column elementor-col-50 elementor-top-column elementor-element elementor-element-6c03ce7\" data-id=\"6c03ce7\" data-element_type=\"column\" data-e-type=\"column\">\n\t\t\t<div class=\"elementor-widget-wrap elementor-element-populated\">\n\t\t\t\t\t\t<div class=\"elementor-element elementor-element-3bfde8c4 elementor-widget elementor-widget-heading\" data-id=\"3bfde8c4\" data-element_type=\"widget\" data-e-type=\"widget\" data-widget_type=\"heading.default\">\n\t\t\t\t\t<h5 class=\"elementor-heading-title elementor-size-default\">Bienvenue sur le site de Dynamo Led Displays<\/h5>\t\t\t\t<\/div>\n\t\t\t\t<div class=\"elementor-element elementor-element-38009d4 elementor-widget elementor-widget-heading\" data-id=\"38009d4\" data-element_type=\"widget\" data-e-type=\"widget\" data-widget_type=\"heading.default\">\n\t\t\t\t\t<h2 class=\"elementor-heading-title elementor-size-default\">Le num\u00e9ro 1 des sp\u00e9cialistes de l'affichage LED au Royaume-Uni<\/h2>\t\t\t\t<\/div>\n\t\t\t\t<div class=\"elementor-element elementor-element-4bcb82a8 elementor-widget elementor-widget-text-editor\" data-id=\"4bcb82a8\" data-element_type=\"widget\" data-e-type=\"widget\" data-widget_type=\"text-editor.default\">\n\t\t\t\t\t\t\t\t\tDynamo LED Displays est une entreprise de fabrication d&rsquo;\u00e9crans LED bas\u00e9e au Royaume-Uni et \u00e0 Duba\u00ef. Nous sommes sp\u00e9cialis\u00e9s dans le domaine des \u00e9crans vid\u00e9o \u00e0 LED, des t\u00e9l\u00e9scripteurs \u00e0 LED, de l&rsquo;acquisition de donn\u00e9es et des \u00e9crans interactifs \u00e0 LED. \n\nNotre vision est de fournir la meilleure qualit\u00e9 au prix le plus comp\u00e9titif.\n\nNous disposons d&rsquo;un large \u00e9ventail de comp\u00e9tences dans les domaines de l&rsquo;\u00e9lectronique, de l&rsquo;informatique et de l&rsquo;ing\u00e9nierie, ce qui est n\u00e9cessaire pour atteindre le niveau de qualit\u00e9 \u00e9lev\u00e9 exig\u00e9 par nos clients.\n\nNotre \u00e9quipe de recherche et de d\u00e9veloppement est particuli\u00e8rement comp\u00e9tente en mati\u00e8re de mat\u00e9riel et de logiciel. Nous concevons nous-m\u00eames la plupart des syst\u00e8mes, y compris nos propres syst\u00e8mes de contr\u00f4le des LED. \n\nNous fabriquons un certain nombre de produits diff\u00e9rents, r\u00e9put\u00e9s pour leurs conceptions innovantes et leur excellente qualit\u00e9.\t\t\t\t\t\t\t\t<\/div>\n\t\t\t\t\t<\/div>\n\t\t<\/div>\n\t\t\t\t<div class=\"elementor-column elementor-col-50 elementor-top-column elementor-element elementor-element-541faeea\" data-id=\"541faeea\" data-element_type=\"column\" data-e-type=\"column\" data-settings=\"{&quot;background_background&quot;:&quot;classic&quot;}\">\n\t\t\t<div class=\"elementor-widget-wrap elementor-element-populated\">\n\t\t\t\t\t\t<div class=\"elementor-element elementor-element-6a31dc46 elementor-widget elementor-widget-image\" data-id=\"6a31dc46\" data-element_type=\"widget\" data-e-type=\"widget\" data-widget_type=\"image.default\">\n\t\t\t\t\t\t\t\t\t\t\t\t\t\t\t<img fetchpriority=\"high\" decoding=\"async\" width=\"1920\" height=\"528\" src=\"https:\/\/dynamo-led-displays.com\/wp-content\/uploads\/2023\/01\/about-us.jpg\" class=\"attachment-full size-full wp-image-35499\" alt=\"About us\" srcset=\"https:\/\/dynamo-led-displays.com\/wp-content\/uploads\/2023\/01\/about-us.jpg 1920w, https:\/\/dynamo-led-displays.com\/wp-content\/uploads\/2023\/01\/about-us-300x83.jpg 300w, https:\/\/dynamo-led-displays.com\/wp-content\/uploads\/2023\/01\/about-us-1024x282.jpg 1024w, https:\/\/dynamo-led-displays.com\/wp-content\/uploads\/2023\/01\/about-us-768x211.jpg 768w, https:\/\/dynamo-led-displays.com\/wp-content\/uploads\/2023\/01\/about-us-1536x422.jpg 1536w, https:\/\/dynamo-led-displays.com\/wp-content\/uploads\/2023\/01\/about-us-600x165.jpg 600w\" sizes=\"(max-width: 1920px) 100vw, 1920px\" \/>\t\t\t\t\t\t\t\t\t\t\t\t\t\t\t<\/div>\n\t\t\t\t<div class=\"elementor-element elementor-element-1b144204 elementor-widget__width-auto elementor-absolute elementor-hidden-tablet elementor-hidden-phone elementor-widget elementor-widget-spacer\" data-id=\"1b144204\" data-element_type=\"widget\" data-e-type=\"widget\" data-settings=\"{&quot;_position&quot;:&quot;absolute&quot;}\" data-widget_type=\"spacer.default\">\n\t\t\t\t\t\t\t<div class=\"elementor-spacer\">\n\t\t\t<div class=\"elementor-spacer-inner\"><\/div>\n\t\t<\/div>\n\t\t\t\t\t\t<\/div>\n\t\t\t\t<div class=\"elementor-element elementor-element-2f26b150 elementor-widget__width-auto elementor-absolute elementor-hidden-tablet elementor-hidden-phone elementor-widget elementor-widget-spacer\" data-id=\"2f26b150\" data-element_type=\"widget\" data-e-type=\"widget\" data-settings=\"{&quot;_position&quot;:&quot;absolute&quot;}\" data-widget_type=\"spacer.default\">\n\t\t\t\t\t\t\t<div class=\"elementor-spacer\">\n\t\t\t<div class=\"elementor-spacer-inner\"><\/div>\n\t\t<\/div>\n\t\t\t\t\t\t<\/div>\n\t\t\t\t\t<\/div>\n\t\t<\/div>\n\t\t\t\t\t<\/div>\n\t\t<\/section>\n\t\t\t\t<\/div>\n\t\t","protected":false},"excerpt":{"rendered":"<p>A propos de nous Bienvenue sur le site de Dynamo Led Displays Le num\u00e9ro 1 des sp\u00e9cialistes de l&rsquo;affichage LED au Royaume-Uni Dynamo LED Displays est une entreprise de fabrication d&rsquo;\u00e9crans LED bas\u00e9e au Royaume-Uni et \u00e0 Duba\u00ef. Nous sommes sp\u00e9cialis\u00e9s dans le domaine des \u00e9crans vid\u00e9o \u00e0 LED, des t\u00e9l\u00e9scripteurs \u00e0 LED, de l&rsquo;acquisition [&hellip;]<\/p>\n","protected":false},"author":2,"featured_media":0,"parent":0,"menu_order":0,"comment_status":"closed","ping_status":"closed","template":"","meta":{"site-sidebar-layout":"no-sidebar","site-content-layout":"page-builder","ast-site-content-layout":"default","site-content-style":"default","site-sidebar-style":"default","ast-global-header-display":"","ast-banner-title-visibility":"","ast-main-header-display":"","ast-hfb-above-header-display":"","ast-hfb-below-header-display":"","ast-hfb-mobile-header-display":"","site-post-title":"disabled","ast-breadcrumbs-content":"","ast-featured-img":"disabled","footer-sml-layout":"","ast-disable-related-posts":"","theme-transparent-header-meta":"default","adv-header-id-meta":"","stick-header-meta":"","header-above-stick-meta":"","header-main-stick-meta":"","header-below-stick-meta":"","astra-migrate-meta-layouts":"default","ast-page-background-enabled":"default","ast-page-background-meta":{"desktop":{"background-color":"var(--ast-global-color-4)","background-image":"","background-repeat":"repeat","background-position":"center center","background-size":"auto","background-attachment":"scroll","background-type":"","background-media":"","overlay-type":"","overlay-color":"","overlay-opacity":"","overlay-gradient":""},"tablet":{"background-color":"","background-image":"","background-repeat":"repeat","background-position":"center center","background-size":"auto","background-attachment":"scroll","background-type":"","background-media":"","overlay-type":"","overlay-color":"","overlay-opacity":"","overlay-gradient":""},"mobile":{"background-color":"","background-image":"","background-repeat":"repeat","background-position":"center center","background-size":"auto","background-attachment":"scroll","background-type":"","background-media":"","overlay-type":"","overlay-color":"","overlay-opacity":"","overlay-gradient":""}},"ast-content-background-meta":{"desktop":{"background-color":"var(--ast-global-color-5)","background-image":"","background-repeat":"repeat","background-position":"center center","background-size":"auto","background-attachment":"scroll","background-type":"","background-media":"","overlay-type":"","overlay-color":"","overlay-opacity":"","overlay-gradient":""},"tablet":{"background-color":"var(--ast-global-color-5)","background-image":"","background-repeat":"repeat","background-position":"center center","background-size":"auto","background-attachment":"scroll","background-type":"","background-media":"","overlay-type":"","overlay-color":"","overlay-opacity":"","overlay-gradient":""},"mobile":{"background-color":"var(--ast-global-color-5)","background-image":"","background-repeat":"repeat","background-position":"center center","background-size":"auto","background-attachment":"scroll","background-type":"","background-media":"","overlay-type":"","overlay-color":"","overlay-opacity":"","overlay-gradient":""}},"footnotes":""},"class_list":["post-41658","page","type-page","status-publish","hentry"],"yoast_head":"<!-- This site is optimized with the Yoast SEO plugin v27.3 - https:\/\/yoast.com\/product\/yoast-seo-wordpress\/ -->\n<title>A propos de nous - Dynamo LED Displays - UK LED Screens<\/title>\n<meta name=\"description\" content=\"La page qui nous concerne de Dynamo LED Displays UK. Bas\u00e9 au Royaume-Uni et \u00e0 Duba\u00ef, Dynamo a install\u00e9 certains des \u00e9crans LED les plus incroyables au monde.\" \/>\n<meta name=\"robots\" content=\"index, follow, max-snippet:-1, max-image-preview:large, max-video-preview:-1\" \/>\n<link rel=\"canonical\" href=\"https:\/\/dynamo-led-displays.com\/fr\/a-propos-de-nous\/\" \/>\n<meta property=\"og:locale\" content=\"fr_FR\" \/>\n<meta property=\"og:type\" content=\"article\" \/>\n<meta property=\"og:title\" content=\"A propos de nous - Dynamo LED Displays - UK LED Screens\" \/>\n<meta property=\"og:description\" content=\"La page qui nous concerne de Dynamo LED Displays UK. Bas\u00e9 au Royaume-Uni et \u00e0 Duba\u00ef, Dynamo a install\u00e9 certains des \u00e9crans LED les plus incroyables au monde.\" \/>\n<meta property=\"og:url\" content=\"https:\/\/dynamo-led-displays.com\/fr\/a-propos-de-nous\/\" \/>\n<meta property=\"og:site_name\" content=\"LED Display &amp; LED Screen Installations\" \/>\n<meta property=\"article:publisher\" content=\"https:\/\/www.facebook.com\/dynamoled\/\" \/>\n<meta property=\"article:modified_time\" content=\"2025-07-26T17:22:36+00:00\" \/>\n<meta property=\"og:image\" content=\"https:\/\/dynamo-led-displays.com\/wp-content\/uploads\/2023\/01\/about-us.jpg\" \/>\n\t<meta property=\"og:image:width\" content=\"1920\" \/>\n\t<meta property=\"og:image:height\" content=\"528\" \/>\n\t<meta property=\"og:image:type\" content=\"image\/jpeg\" \/>\n<meta name=\"twitter:card\" content=\"summary_large_image\" \/>\n<meta name=\"twitter:site\" content=\"@DynamoLed\" \/>\n<meta name=\"twitter:label1\" content=\"Dur\u00e9e de lecture estim\u00e9e\" \/>\n\t<meta name=\"twitter:data1\" content=\"1 minute\" \/>\n<script type=\"application\/ld+json\" class=\"yoast-schema-graph\">{\"@context\":\"https:\\\/\\\/schema.org\",\"@graph\":[{\"@type\":\"WebPage\",\"@id\":\"https:\\\/\\\/dynamo-led-displays.com\\\/fr\\\/a-propos-de-nous\\\/\",\"url\":\"https:\\\/\\\/dynamo-led-displays.com\\\/fr\\\/a-propos-de-nous\\\/\",\"name\":\"A propos de nous - Dynamo LED Displays - UK LED Screens\",\"isPartOf\":{\"@id\":\"https:\\\/\\\/dynamo-led-displays.com\\\/fr\\\/#website\"},\"primaryImageOfPage\":{\"@id\":\"https:\\\/\\\/dynamo-led-displays.com\\\/fr\\\/a-propos-de-nous\\\/#primaryimage\"},\"image\":{\"@id\":\"https:\\\/\\\/dynamo-led-displays.com\\\/fr\\\/a-propos-de-nous\\\/#primaryimage\"},\"thumbnailUrl\":\"https:\\\/\\\/dynamo-led-displays.com\\\/wp-content\\\/uploads\\\/2023\\\/01\\\/about-us.jpg\",\"datePublished\":\"2023-01-02T00:17:23+00:00\",\"dateModified\":\"2025-07-26T17:22:36+00:00\",\"description\":\"La page qui nous concerne de Dynamo LED Displays UK. Bas\u00e9 au Royaume-Uni et \u00e0 Duba\u00ef, Dynamo a install\u00e9 certains des \u00e9crans LED les plus incroyables au monde.\",\"breadcrumb\":{\"@id\":\"https:\\\/\\\/dynamo-led-displays.com\\\/fr\\\/a-propos-de-nous\\\/#breadcrumb\"},\"inLanguage\":\"fr-FR\",\"potentialAction\":[{\"@type\":\"ReadAction\",\"target\":[\"https:\\\/\\\/dynamo-led-displays.com\\\/fr\\\/a-propos-de-nous\\\/\"]}]},{\"@type\":\"ImageObject\",\"inLanguage\":\"fr-FR\",\"@id\":\"https:\\\/\\\/dynamo-led-displays.com\\\/fr\\\/a-propos-de-nous\\\/#primaryimage\",\"url\":\"https:\\\/\\\/dynamo-led-displays.com\\\/wp-content\\\/uploads\\\/2023\\\/01\\\/about-us.jpg\",\"contentUrl\":\"https:\\\/\\\/dynamo-led-displays.com\\\/wp-content\\\/uploads\\\/2023\\\/01\\\/about-us.jpg\"},{\"@type\":\"BreadcrumbList\",\"@id\":\"https:\\\/\\\/dynamo-led-displays.com\\\/fr\\\/a-propos-de-nous\\\/#breadcrumb\",\"itemListElement\":[{\"@type\":\"ListItem\",\"position\":1,\"name\":\"Home\",\"item\":\"https:\\\/\\\/dynamo-led-displays.com\\\/fr\\\/accueil\\\/\"},{\"@type\":\"ListItem\",\"position\":2,\"name\":\"A propos de nous\"}]},{\"@type\":\"WebSite\",\"@id\":\"https:\\\/\\\/dynamo-led-displays.com\\\/fr\\\/#website\",\"url\":\"https:\\\/\\\/dynamo-led-displays.com\\\/fr\\\/\",\"name\":\"LED Display & LED Screen Installations\",\"description\":\"Trusted UK Experts\",\"publisher\":{\"@id\":\"https:\\\/\\\/dynamo-led-displays.com\\\/fr\\\/#organization\"},\"potentialAction\":[{\"@type\":\"SearchAction\",\"target\":{\"@type\":\"EntryPoint\",\"urlTemplate\":\"https:\\\/\\\/dynamo-led-displays.com\\\/fr\\\/?s={search_term_string}\"},\"query-input\":{\"@type\":\"PropertyValueSpecification\",\"valueRequired\":true,\"valueName\":\"search_term_string\"}}],\"inLanguage\":\"fr-FR\"},{\"@type\":\"Organization\",\"@id\":\"https:\\\/\\\/dynamo-led-displays.com\\\/fr\\\/#organization\",\"name\":\"Dynamo LED Displays\",\"alternateName\":\"Dynamo LED Displays Limited\",\"url\":\"https:\\\/\\\/dynamo-led-displays.com\\\/fr\\\/\",\"logo\":{\"@type\":\"ImageObject\",\"inLanguage\":\"fr-FR\",\"@id\":\"https:\\\/\\\/dynamo-led-displays.com\\\/fr\\\/#\\\/schema\\\/logo\\\/image\\\/\",\"url\":\"https:\\\/\\\/dynamo-led-displays.com\\\/wp-content\\\/uploads\\\/2022\\\/12\\\/logo-top.webp\",\"contentUrl\":\"https:\\\/\\\/dynamo-led-displays.com\\\/wp-content\\\/uploads\\\/2022\\\/12\\\/logo-top.webp\",\"width\":266,\"height\":88,\"caption\":\"Dynamo LED Displays\"},\"image\":{\"@id\":\"https:\\\/\\\/dynamo-led-displays.com\\\/fr\\\/#\\\/schema\\\/logo\\\/image\\\/\"},\"sameAs\":[\"https:\\\/\\\/www.facebook.com\\\/dynamoled\\\/\",\"https:\\\/\\\/x.com\\\/DynamoLed\",\"https:\\\/\\\/www.instagram.com\\\/dynamoled\",\"https:\\\/\\\/www.youtube.com\\\/c\\\/DanielReynoldsdynamoleddisplays\",\"https:\\\/\\\/vimeo.com\\\/user35969056\"]}]}<\/script>\n<!-- \/ Yoast SEO plugin. -->","yoast_head_json":{"title":"A propos de nous - Dynamo LED Displays - UK LED Screens","description":"La page qui nous concerne de Dynamo LED Displays UK. Bas\u00e9 au Royaume-Uni et \u00e0 Duba\u00ef, Dynamo a install\u00e9 certains des \u00e9crans LED les plus incroyables au monde.","robots":{"index":"index","follow":"follow","max-snippet":"max-snippet:-1","max-image-preview":"max-image-preview:large","max-video-preview":"max-video-preview:-1"},"canonical":"https:\/\/dynamo-led-displays.com\/fr\/a-propos-de-nous\/","og_locale":"fr_FR","og_type":"article","og_title":"A propos de nous - Dynamo LED Displays - UK LED Screens","og_description":"La page qui nous concerne de Dynamo LED Displays UK. Bas\u00e9 au Royaume-Uni et \u00e0 Duba\u00ef, Dynamo a install\u00e9 certains des \u00e9crans LED les plus incroyables au monde.","og_url":"https:\/\/dynamo-led-displays.com\/fr\/a-propos-de-nous\/","og_site_name":"LED Display &amp; LED Screen Installations","article_publisher":"https:\/\/www.facebook.com\/dynamoled\/","article_modified_time":"2025-07-26T17:22:36+00:00","og_image":[{"width":1920,"height":528,"url":"https:\/\/dynamo-led-displays.com\/wp-content\/uploads\/2023\/01\/about-us.jpg","type":"image\/jpeg"}],"twitter_card":"summary_large_image","twitter_site":"@DynamoLed","twitter_misc":{"Dur\u00e9e de lecture estim\u00e9e":"1 minute"},"schema":{"@context":"https:\/\/schema.org","@graph":[{"@type":"WebPage","@id":"https:\/\/dynamo-led-displays.com\/fr\/a-propos-de-nous\/","url":"https:\/\/dynamo-led-displays.com\/fr\/a-propos-de-nous\/","name":"A propos de nous - Dynamo LED Displays - UK LED Screens","isPartOf":{"@id":"https:\/\/dynamo-led-displays.com\/fr\/#website"},"primaryImageOfPage":{"@id":"https:\/\/dynamo-led-displays.com\/fr\/a-propos-de-nous\/#primaryimage"},"image":{"@id":"https:\/\/dynamo-led-displays.com\/fr\/a-propos-de-nous\/#primaryimage"},"thumbnailUrl":"https:\/\/dynamo-led-displays.com\/wp-content\/uploads\/2023\/01\/about-us.jpg","datePublished":"2023-01-02T00:17:23+00:00","dateModified":"2025-07-26T17:22:36+00:00","description":"La page qui nous concerne de Dynamo LED Displays UK. Bas\u00e9 au Royaume-Uni et \u00e0 Duba\u00ef, Dynamo a install\u00e9 certains des \u00e9crans LED les plus incroyables au monde.","breadcrumb":{"@id":"https:\/\/dynamo-led-displays.com\/fr\/a-propos-de-nous\/#breadcrumb"},"inLanguage":"fr-FR","potentialAction":[{"@type":"ReadAction","target":["https:\/\/dynamo-led-displays.com\/fr\/a-propos-de-nous\/"]}]},{"@type":"ImageObject","inLanguage":"fr-FR","@id":"https:\/\/dynamo-led-displays.com\/fr\/a-propos-de-nous\/#primaryimage","url":"https:\/\/dynamo-led-displays.com\/wp-content\/uploads\/2023\/01\/about-us.jpg","contentUrl":"https:\/\/dynamo-led-displays.com\/wp-content\/uploads\/2023\/01\/about-us.jpg"},{"@type":"BreadcrumbList","@id":"https:\/\/dynamo-led-displays.com\/fr\/a-propos-de-nous\/#breadcrumb","itemListElement":[{"@type":"ListItem","position":1,"name":"Home","item":"https:\/\/dynamo-led-displays.com\/fr\/accueil\/"},{"@type":"ListItem","position":2,"name":"A propos de nous"}]},{"@type":"WebSite","@id":"https:\/\/dynamo-led-displays.com\/fr\/#website","url":"https:\/\/dynamo-led-displays.com\/fr\/","name":"LED Display & LED Screen Installations","description":"Trusted UK Experts","publisher":{"@id":"https:\/\/dynamo-led-displays.com\/fr\/#organization"},"potentialAction":[{"@type":"SearchAction","target":{"@type":"EntryPoint","urlTemplate":"https:\/\/dynamo-led-displays.com\/fr\/?s={search_term_string}"},"query-input":{"@type":"PropertyValueSpecification","valueRequired":true,"valueName":"search_term_string"}}],"inLanguage":"fr-FR"},{"@type":"Organization","@id":"https:\/\/dynamo-led-displays.com\/fr\/#organization","name":"Dynamo LED Displays","alternateName":"Dynamo LED Displays Limited","url":"https:\/\/dynamo-led-displays.com\/fr\/","logo":{"@type":"ImageObject","inLanguage":"fr-FR","@id":"https:\/\/dynamo-led-displays.com\/fr\/#\/schema\/logo\/image\/","url":"https:\/\/dynamo-led-displays.com\/wp-content\/uploads\/2022\/12\/logo-top.webp","contentUrl":"https:\/\/dynamo-led-displays.com\/wp-content\/uploads\/2022\/12\/logo-top.webp","width":266,"height":88,"caption":"Dynamo LED Displays"},"image":{"@id":"https:\/\/dynamo-led-displays.com\/fr\/#\/schema\/logo\/image\/"},"sameAs":["https:\/\/www.facebook.com\/dynamoled\/","https:\/\/x.com\/DynamoLed","https:\/\/www.instagram.com\/dynamoled","https:\/\/www.youtube.com\/c\/DanielReynoldsdynamoleddisplays","https:\/\/vimeo.com\/user35969056"]}]}},"_links":{"self":[{"href":"https:\/\/dynamo-led-displays.com\/fr\/wp-json\/wp\/v2\/pages\/41658","targetHints":{"allow":["GET"]}}],"collection":[{"href":"https:\/\/dynamo-led-displays.com\/fr\/wp-json\/wp\/v2\/pages"}],"about":[{"href":"https:\/\/dynamo-led-displays.com\/fr\/wp-json\/wp\/v2\/types\/page"}],"author":[{"embeddable":true,"href":"https:\/\/dynamo-led-displays.com\/fr\/wp-json\/wp\/v2\/users\/2"}],"replies":[{"embeddable":true,"href":"https:\/\/dynamo-led-displays.com\/fr\/wp-json\/wp\/v2\/comments?post=41658"}],"version-history":[{"count":0,"href":"https:\/\/dynamo-led-displays.com\/fr\/wp-json\/wp\/v2\/pages\/41658\/revisions"}],"wp:attachment":[{"href":"https:\/\/dynamo-led-displays.com\/fr\/wp-json\/wp\/v2\/media?parent=41658"}],"curies":[{"name":"wp","href":"https:\/\/api.w.org\/{rel}","templated":true}]}}