{"id":19164,"date":"2023-02-21T18:21:53","date_gmt":"2023-02-21T18:21:53","guid":{"rendered":"https:\/\/dynamo-led-displays.co.uk\/?post_type=product&#038;p=19164"},"modified":"2023-03-01T13:32:22","modified_gmt":"2023-03-01T13:32:22","slug":"dbs-hvt11out-full-color-led-sender-box","status":"publish","type":"product","link":"https:\/\/dynamo-led-displays.com\/fr\/produit\/dbs-hvt11out-full-color-led-sender-box\/","title":{"rendered":"DBS-HVT11out full color LED sender Box"},"content":{"rendered":"<h2>DBS-HVT11out full color LED sender Box<\/h2>\n<p>Get ready for an amazing LED display experience with the DBS-HVT11out Full Color LED Sender Box! This sending box offers a variety of features that make managing your LED display simpler than ever. The HVT11out provides smooth streaming capabilities, vivid full color visuals and reliable control options all in one convenient device. With this sending box, you can create stunning visuals that will captivate viewers and leave them wanting more. Take full control of your LED displays with the DBS-HVT11out Full Color LED Sender Box!<\/p>\n<div id=\"tab-description\" class=\"woocommerce-Tabs-panel woocommerce-Tabs-panel--description panel entry-content wc-tab\" style=\"display: block;\" role=\"tabpanel\" aria-labelledby=\"tab-title-description\">\n<table>\n<tbody>\n<tr>\n<td>\n<div>\u00a0Type<\/div>\n<\/td>\n<td>\n<div>Typical value<\/div>\n<\/td>\n<td>\n<div>Max value<\/div>\n<\/td>\n<\/tr>\n<tr>\n<td>\n<div>\u00a0Supported screen type<\/div>\n<\/td>\n<td colspan=\"2\">\n<div>\u00a0single color, dual-color,full-color, real pixel,virtual pixel.<\/div>\n<\/td>\n<\/tr>\n<tr>\n<td>\n<div>\u00a0Supported LED drivers<\/div>\n<\/td>\n<td colspan=\"2\">\n<div>MBI5026\/MBI5030\/MBI5036\/<br \/>\nMBI5039\/MBI5042\/MBI5050\/MBI6024\/<\/div>\n<div>LPD6803\/DM413\/DMX512\/ZQL9726<\/div>\n<div>\n<div>TCD62D722\/TC62D766\/MBI5050\/MBI6024<\/div>\n<\/div>\n<\/td>\n<\/tr>\n<tr>\n<td>\n<div>\u00a0Pixels by single sending card<\/div>\n<\/td>\n<td>\n<div>2048\u00d7640(dual ports)<\/div>\n<\/td>\n<td>\n<div><\/div>\n<\/td>\n<\/tr>\n<tr>\n<td>\n<div>\u00a0Number of receiving cards connected by cable<\/div>\n<\/td>\n<td>\n<div>&lt;100<\/div>\n<\/td>\n<td>\n<div>256<\/div>\n<\/td>\n<\/tr>\n<tr>\n<td>\n<div>\u00a0Pixels by single receiving cards<\/div>\n<\/td>\n<td>\n<div>256 x192 full color\u00ef<\/div>\n<div>1024 x512 dual color<\/div>\n<\/td>\n<td>\n<div>512\u00d7384 full color<\/div>\n<div>1280 x512 dual color<\/div>\n<\/td>\n<\/tr>\n<tr>\n<td>\n<div>\u00a0RGB data groups by single receiving card<\/div>\n<\/td>\n<td>\n<div>16-24<\/div>\n<\/td>\n<td>\n<div>24<\/div>\n<\/td>\n<\/tr>\n<tr>\n<td>\n<div>\u00a0Lines by one group RGB<\/div>\n<\/td>\n<td>\n<div>1\/2\/4\/8\/16\/32<\/div>\n<\/td>\n<td>\n<div>32<\/div>\n<\/td>\n<\/tr>\n<tr>\n<td>\n<div>Grey grades<\/div>\n<\/td>\n<td>\n<div>4096(4k)<\/div>\n<\/td>\n<td>\n<div>65536(64k)<\/div>\n<\/td>\n<\/tr>\n<tr>\n<td>\n<div>\u00a0Data CLK frequency<\/div>\n<\/td>\n<td>\n<div>15.62MHz<\/div>\n<\/td>\n<td>\n<div>31.25MHz<\/div>\n<\/td>\n<\/tr>\n<tr>\n<td>\n<div>\u00a0Refresh rate<\/div>\n<\/td>\n<td>\n<div>180Hz<\/div>\n<\/td>\n<td>\n<div>&gt;3600Hz(\u00e5\u00a6\u201aMBI5042)<\/div>\n<\/td>\n<\/tr>\n<tr>\n<td>\n<div>\u00a0Brightness wastage<\/div>\n<\/td>\n<td>\n<div>15~20%<\/div>\n<\/td>\n<td>\n<div>&lt;5%<\/div>\n<\/td>\n<\/tr>\n<tr>\n<td>\n<div>\u00a0PWM brightness adjust degree<\/div>\n<\/td>\n<td colspan=\"2\">\n<div>256(may automatically adjust by brightness sensor)<\/div>\n<\/td>\n<\/tr>\n<tr>\n<td>\n<div>Electronic current plus brightness adjustment grade<\/div>\n<\/td>\n<td colspan=\"2\">\n<div>64\/256(according to led drivers)<\/div>\n<\/td>\n<\/tr>\n<tr>\n<td>\n<div>\u00a0Dot by dot revise pixels by PWM brightness<\/div>\n<\/td>\n<td>\n<div>64\u00d764<\/div>\n<\/td>\n<td>\n<div>256\u00d7256<\/div>\n<\/td>\n<\/tr>\n<tr>\n<td>\n<div>Pixels on open circuit and short circuit error detection<\/div>\n<\/td>\n<td colspan=\"2\">\n<div>static\u00ef\u00bc\u01612048\u00d716\u00ef\u00bc\u203a1\/2\u00ef\u00bc\u01611024\u00d716\u00ef\u00bc\u203a<br \/>\n1\/4\u00ef\u00bc\u01612048\u00d716\u00ef\u00bc\u203a1\/8\u00ef\u00bc\u01614096\u00d716\u00ef\u00bc\u203a1\/16\u00ef\u00bc\u01618192\u00d716<\/div>\n<\/td>\n<\/tr>\n<tr>\n<td>\n<div>\u00a0Fiber transmission distance<\/div>\n<\/td>\n<td colspan=\"2\">\n<div>\u00a0Multi-mode fiber \u00ef\u00bc\u0161500meters\u00ef\u00bc\u203a single-mode fiber\u00ef\u00bc\u016110KMs<\/div>\n<\/td>\n<\/tr>\n<tr>\n<td>\n<div>\u00a0Other functions<\/div>\n<\/td>\n<td colspan=\"2\">\n<div>\u00a0Power on gradual protection \u00e3\u20ac\u0081OE Polarity switch protect screen scan tubes, led screen self-detecting<\/div>\n<\/td>\n<\/tr>\n<tr>\n<td>\n<div>No sending card function<\/div>\n<\/td>\n<td colspan=\"2\">\n<div>Sending images by 1000M network card PC<\/div>\n<\/td>\n<\/tr>\n<\/tbody>\n<\/table>\n<\/div>\n","protected":false},"excerpt":{"rendered":"<p>Number of receiving cards connected by cable: &lt;100 \/ 256<br \/>\nPixels by single receiving cards: 256 x192 full color \/ 1024 x512 dual color<br \/>\n512\u00d7384 full color \/ 1280 x512 dual color<\/p>\n","protected":false},"featured_media":19165,"comment_status":"open","ping_status":"closed","template":"","meta":{"site-sidebar-layout":"default","site-content-layout":"default","ast-site-content-layout":"default","site-content-style":"default","site-sidebar-style":"default","ast-global-header-display":"","ast-banner-title-visibility":"","ast-main-header-display":"","ast-hfb-above-header-display":"","ast-hfb-below-header-display":"","ast-hfb-mobile-header-display":"","site-post-title":"","ast-breadcrumbs-content":"","ast-featured-img":"","footer-sml-layout":"","ast-disable-related-posts":"","theme-transparent-header-meta":"default","adv-header-id-meta":"","stick-header-meta":"","header-above-stick-meta":"","header-main-stick-meta":"","header-below-stick-meta":"","astra-migrate-meta-layouts":"default","ast-page-background-enabled":"default","ast-page-background-meta":{"desktop":{"background-color":"var(--ast-global-color-4)","background-image":"","background-repeat":"repeat","background-position":"center center","background-size":"auto","background-attachment":"scroll","background-type":"","background-media":"","overlay-type":"","overlay-color":"","overlay-opacity":"","overlay-gradient":""},"tablet":{"background-color":"","background-image":"","background-repeat":"repeat","background-position":"center center","background-size":"auto","background-attachment":"scroll","background-type":"","background-media":"","overlay-type":"","overlay-color":"","overlay-opacity":"","overlay-gradient":""},"mobile":{"background-color":"","background-image":"","background-repeat":"repeat","background-position":"center center","background-size":"auto","background-attachment":"scroll","background-type":"","background-media":"","overlay-type":"","overlay-color":"","overlay-opacity":"","overlay-gradient":""}},"ast-content-background-meta":{"desktop":{"background-color":"var(--ast-global-color-5)","background-image":"","background-repeat":"repeat","background-position":"center center","background-size":"auto","background-attachment":"scroll","background-type":"","background-media":"","overlay-type":"","overlay-color":"","overlay-opacity":"","overlay-gradient":""},"tablet":{"background-color":"var(--ast-global-color-5)","background-image":"","background-repeat":"repeat","background-position":"center center","background-size":"auto","background-attachment":"scroll","background-type":"","background-media":"","overlay-type":"","overlay-color":"","overlay-opacity":"","overlay-gradient":""},"mobile":{"background-color":"var(--ast-global-color-5)","background-image":"","background-repeat":"repeat","background-position":"center center","background-size":"auto","background-attachment":"scroll","background-type":"","background-media":"","overlay-type":"","overlay-color":"","overlay-opacity":"","overlay-gradient":""}}},"pwb-brand":[62],"product_brand":[],"product_cat":[85],"product_tag":[],"class_list":{"0":"post-19164","1":"product","2":"type-product","3":"status-publish","4":"has-post-thumbnail","6":"pwb-brand-novastar-led","7":"product_cat-linsn","8":"desktop-align-left","9":"tablet-align-left","10":"mobile-align-left","12":"first","13":"instock","14":"taxable","15":"shipping-taxable","16":"purchasable","17":"product-type-simple"},"yoast_head":"<!-- This site is optimized with the Yoast SEO plugin v27.4 - https:\/\/yoast.com\/product\/yoast-seo-wordpress\/ -->\n<title>DBS-HVT11out full color LED sender Box<\/title>\n<meta name=\"description\" content=\"Number of receiving cards connected by cable: &lt;100 \/ 256Pixels by single receiving cards: 256 x192 full color \/ 1024 x512 dual color 512\u00d7384\" \/>\n<meta name=\"robots\" content=\"index, follow, max-snippet:-1, max-image-preview:large, max-video-preview:-1\" \/>\n<link rel=\"canonical\" href=\"https:\/\/dynamo-led-displays.com\/fr\/produit\/dbs-hvt11out-full-color-led-sender-box\/\" \/>\n<meta property=\"og:locale\" content=\"fr_FR\" \/>\n<meta property=\"og:type\" content=\"article\" \/>\n<meta property=\"og:title\" content=\"DBS-HVT11out full color LED sender Box\" \/>\n<meta property=\"og:description\" content=\"Number of receiving cards connected by cable: &lt;100 \/ 256Pixels by single receiving cards: 256 x192 full color \/ 1024 x512 dual color 512\u00d7384\" \/>\n<meta property=\"og:url\" content=\"https:\/\/dynamo-led-displays.com\/fr\/produit\/dbs-hvt11out-full-color-led-sender-box\/\" \/>\n<meta property=\"og:site_name\" content=\"LED Display &amp; LED Screen Installations\" \/>\n<meta property=\"article:publisher\" content=\"https:\/\/www.facebook.com\/dynamoled\/\" \/>\n<meta property=\"article:modified_time\" content=\"2023-03-01T13:32:22+00:00\" \/>\n<meta property=\"og:image\" content=\"https:\/\/dynamo-led-displays.com\/wp-content\/uploads\/2023\/02\/DBS-HVT11out_LED_Display_Transmit_1.jpg\" \/>\n\t<meta property=\"og:image:width\" content=\"960\" \/>\n\t<meta property=\"og:image:height\" content=\"720\" \/>\n\t<meta property=\"og:image:type\" content=\"image\/jpeg\" \/>\n<meta name=\"twitter:card\" content=\"summary_large_image\" \/>\n<meta name=\"twitter:site\" content=\"@DynamoLed\" \/>\n<meta name=\"twitter:label1\" content=\"Prix\" \/>\n\t<meta name=\"twitter:data1\" content=\"&pound;280.00\" \/>\n\t<meta name=\"twitter:label2\" content=\"Disponibilit\u00e9\" \/>\n\t<meta name=\"twitter:data2\" content=\"En stock\" \/>\n<script type=\"application\/ld+json\" class=\"yoast-schema-graph\">{\"@context\":\"https:\\\/\\\/schema.org\",\"@graph\":[{\"@type\":\"WebPage\",\"@id\":\"https:\\\/\\\/dynamo-led-displays.com\\\/fr\\\/produit\\\/dbs-hvt11out-full-color-led-sender-box\\\/\",\"url\":\"https:\\\/\\\/dynamo-led-displays.com\\\/fr\\\/produit\\\/dbs-hvt11out-full-color-led-sender-box\\\/\",\"name\":\"DBS-HVT11out full color LED sender Box\",\"isPartOf\":{\"@id\":\"https:\\\/\\\/dynamo-led-displays.com\\\/fr\\\/#website\"},\"primaryImageOfPage\":{\"@id\":\"https:\\\/\\\/dynamo-led-displays.com\\\/fr\\\/produit\\\/dbs-hvt11out-full-color-led-sender-box\\\/#primaryimage\"},\"image\":{\"@id\":\"https:\\\/\\\/dynamo-led-displays.com\\\/fr\\\/produit\\\/dbs-hvt11out-full-color-led-sender-box\\\/#primaryimage\"},\"thumbnailUrl\":\"https:\\\/\\\/dynamo-led-displays.com\\\/wp-content\\\/uploads\\\/2023\\\/02\\\/DBS-HVT11out_LED_Display_Transmit_1.jpg\",\"datePublished\":\"2023-02-21T18:21:53+00:00\",\"dateModified\":\"2023-03-01T13:32:22+00:00\",\"description\":\"Number of receiving cards connected by cable: &lt;100 \\\/ 256Pixels by single receiving cards: 256 x192 full color \\\/ 1024 x512 dual color 512\u00d7384\",\"breadcrumb\":{\"@id\":\"https:\\\/\\\/dynamo-led-displays.com\\\/fr\\\/produit\\\/dbs-hvt11out-full-color-led-sender-box\\\/#breadcrumb\"},\"inLanguage\":\"fr-FR\",\"potentialAction\":[{\"@type\":\"ReadAction\",\"target\":[\"https:\\\/\\\/dynamo-led-displays.com\\\/fr\\\/produit\\\/dbs-hvt11out-full-color-led-sender-box\\\/\"]}]},{\"@type\":\"ImageObject\",\"inLanguage\":\"fr-FR\",\"@id\":\"https:\\\/\\\/dynamo-led-displays.com\\\/fr\\\/produit\\\/dbs-hvt11out-full-color-led-sender-box\\\/#primaryimage\",\"url\":\"https:\\\/\\\/dynamo-led-displays.com\\\/wp-content\\\/uploads\\\/2023\\\/02\\\/DBS-HVT11out_LED_Display_Transmit_1.jpg\",\"contentUrl\":\"https:\\\/\\\/dynamo-led-displays.com\\\/wp-content\\\/uploads\\\/2023\\\/02\\\/DBS-HVT11out_LED_Display_Transmit_1.jpg\",\"width\":960,\"height\":720,\"caption\":\"DBS-HVT11out full color LED sender Box\"},{\"@type\":\"BreadcrumbList\",\"@id\":\"https:\\\/\\\/dynamo-led-displays.com\\\/fr\\\/produit\\\/dbs-hvt11out-full-color-led-sender-box\\\/#breadcrumb\",\"itemListElement\":[{\"@type\":\"ListItem\",\"position\":1,\"name\":\"Home\",\"item\":\"https:\\\/\\\/dynamo-led-displays.com\\\/fr\\\/accueil\\\/\"},{\"@type\":\"ListItem\",\"position\":2,\"name\":\"Boutique\",\"item\":\"https:\\\/\\\/dynamo-led-displays.com\\\/fr\\\/boutique\\\/\"},{\"@type\":\"ListItem\",\"position\":3,\"name\":\"DBS-HVT11out full color LED sender Box\"}]},{\"@type\":\"WebSite\",\"@id\":\"https:\\\/\\\/dynamo-led-displays.com\\\/fr\\\/#website\",\"url\":\"https:\\\/\\\/dynamo-led-displays.com\\\/fr\\\/\",\"name\":\"LED Display & LED Screen Installations\",\"description\":\"Trusted UK Experts\",\"publisher\":{\"@id\":\"https:\\\/\\\/dynamo-led-displays.com\\\/fr\\\/#organization\"},\"potentialAction\":[{\"@type\":\"SearchAction\",\"target\":{\"@type\":\"EntryPoint\",\"urlTemplate\":\"https:\\\/\\\/dynamo-led-displays.com\\\/fr\\\/?s={search_term_string}\"},\"query-input\":{\"@type\":\"PropertyValueSpecification\",\"valueRequired\":true,\"valueName\":\"search_term_string\"}}],\"inLanguage\":\"fr-FR\"},{\"@type\":\"Organization\",\"@id\":\"https:\\\/\\\/dynamo-led-displays.com\\\/fr\\\/#organization\",\"name\":\"Dynamo LED Displays\",\"alternateName\":\"Dynamo LED Displays Limited\",\"url\":\"https:\\\/\\\/dynamo-led-displays.com\\\/fr\\\/\",\"logo\":{\"@type\":\"ImageObject\",\"inLanguage\":\"fr-FR\",\"@id\":\"https:\\\/\\\/dynamo-led-displays.com\\\/fr\\\/#\\\/schema\\\/logo\\\/image\\\/\",\"url\":\"https:\\\/\\\/dynamo-led-displays.com\\\/wp-content\\\/uploads\\\/2022\\\/12\\\/logo-top.webp\",\"contentUrl\":\"https:\\\/\\\/dynamo-led-displays.com\\\/wp-content\\\/uploads\\\/2022\\\/12\\\/logo-top.webp\",\"width\":266,\"height\":88,\"caption\":\"Dynamo LED Displays\"},\"image\":{\"@id\":\"https:\\\/\\\/dynamo-led-displays.com\\\/fr\\\/#\\\/schema\\\/logo\\\/image\\\/\"},\"sameAs\":[\"https:\\\/\\\/www.facebook.com\\\/dynamoled\\\/\",\"https:\\\/\\\/x.com\\\/DynamoLed\",\"https:\\\/\\\/www.instagram.com\\\/dynamoled\",\"https:\\\/\\\/www.youtube.com\\\/c\\\/DanielReynoldsdynamoleddisplays\",\"https:\\\/\\\/vimeo.com\\\/user35969056\"]}]}<\/script>\n<meta property=\"product:price:amount\" content=\"280.00\" \/>\n<meta property=\"product:price:currency\" content=\"GBP\" \/>\n<meta property=\"og:availability\" content=\"instock\" \/>\n<meta property=\"product:availability\" content=\"instock\" \/>\n<meta property=\"product:condition\" content=\"new\" \/>\n<!-- \/ Yoast SEO plugin. -->","yoast_head_json":{"title":"DBS-HVT11out full color LED sender Box","description":"Number of receiving cards connected by cable: &lt;100 \/ 256Pixels by single receiving cards: 256 x192 full color \/ 1024 x512 dual color 512\u00d7384","robots":{"index":"index","follow":"follow","max-snippet":"max-snippet:-1","max-image-preview":"max-image-preview:large","max-video-preview":"max-video-preview:-1"},"canonical":"https:\/\/dynamo-led-displays.com\/fr\/produit\/dbs-hvt11out-full-color-led-sender-box\/","og_locale":"fr_FR","og_type":"article","og_title":"DBS-HVT11out full color LED sender Box","og_description":"Number of receiving cards connected by cable: &lt;100 \/ 256Pixels by single receiving cards: 256 x192 full color \/ 1024 x512 dual color 512\u00d7384","og_url":"https:\/\/dynamo-led-displays.com\/fr\/produit\/dbs-hvt11out-full-color-led-sender-box\/","og_site_name":"LED Display &amp; LED Screen Installations","article_publisher":"https:\/\/www.facebook.com\/dynamoled\/","article_modified_time":"2023-03-01T13:32:22+00:00","og_image":[{"width":960,"height":720,"url":"https:\/\/dynamo-led-displays.com\/wp-content\/uploads\/2023\/02\/DBS-HVT11out_LED_Display_Transmit_1.jpg","type":"image\/jpeg"}],"twitter_card":"summary_large_image","twitter_site":"@DynamoLed","twitter_misc":{"Prix":"&pound;280.00","Disponibilit\u00e9":"En stock"},"schema":{"@context":"https:\/\/schema.org","@graph":[{"@type":"WebPage","@id":"https:\/\/dynamo-led-displays.com\/fr\/produit\/dbs-hvt11out-full-color-led-sender-box\/","url":"https:\/\/dynamo-led-displays.com\/fr\/produit\/dbs-hvt11out-full-color-led-sender-box\/","name":"DBS-HVT11out full color LED sender Box","isPartOf":{"@id":"https:\/\/dynamo-led-displays.com\/fr\/#website"},"primaryImageOfPage":{"@id":"https:\/\/dynamo-led-displays.com\/fr\/produit\/dbs-hvt11out-full-color-led-sender-box\/#primaryimage"},"image":{"@id":"https:\/\/dynamo-led-displays.com\/fr\/produit\/dbs-hvt11out-full-color-led-sender-box\/#primaryimage"},"thumbnailUrl":"https:\/\/dynamo-led-displays.com\/wp-content\/uploads\/2023\/02\/DBS-HVT11out_LED_Display_Transmit_1.jpg","datePublished":"2023-02-21T18:21:53+00:00","dateModified":"2023-03-01T13:32:22+00:00","description":"Number of receiving cards connected by cable: &lt;100 \/ 256Pixels by single receiving cards: 256 x192 full color \/ 1024 x512 dual color 512\u00d7384","breadcrumb":{"@id":"https:\/\/dynamo-led-displays.com\/fr\/produit\/dbs-hvt11out-full-color-led-sender-box\/#breadcrumb"},"inLanguage":"fr-FR","potentialAction":[{"@type":"ReadAction","target":["https:\/\/dynamo-led-displays.com\/fr\/produit\/dbs-hvt11out-full-color-led-sender-box\/"]}]},{"@type":"ImageObject","inLanguage":"fr-FR","@id":"https:\/\/dynamo-led-displays.com\/fr\/produit\/dbs-hvt11out-full-color-led-sender-box\/#primaryimage","url":"https:\/\/dynamo-led-displays.com\/wp-content\/uploads\/2023\/02\/DBS-HVT11out_LED_Display_Transmit_1.jpg","contentUrl":"https:\/\/dynamo-led-displays.com\/wp-content\/uploads\/2023\/02\/DBS-HVT11out_LED_Display_Transmit_1.jpg","width":960,"height":720,"caption":"DBS-HVT11out full color LED sender Box"},{"@type":"BreadcrumbList","@id":"https:\/\/dynamo-led-displays.com\/fr\/produit\/dbs-hvt11out-full-color-led-sender-box\/#breadcrumb","itemListElement":[{"@type":"ListItem","position":1,"name":"Home","item":"https:\/\/dynamo-led-displays.com\/fr\/accueil\/"},{"@type":"ListItem","position":2,"name":"Boutique","item":"https:\/\/dynamo-led-displays.com\/fr\/boutique\/"},{"@type":"ListItem","position":3,"name":"DBS-HVT11out full color LED sender Box"}]},{"@type":"WebSite","@id":"https:\/\/dynamo-led-displays.com\/fr\/#website","url":"https:\/\/dynamo-led-displays.com\/fr\/","name":"LED Display & LED Screen Installations","description":"Trusted UK Experts","publisher":{"@id":"https:\/\/dynamo-led-displays.com\/fr\/#organization"},"potentialAction":[{"@type":"SearchAction","target":{"@type":"EntryPoint","urlTemplate":"https:\/\/dynamo-led-displays.com\/fr\/?s={search_term_string}"},"query-input":{"@type":"PropertyValueSpecification","valueRequired":true,"valueName":"search_term_string"}}],"inLanguage":"fr-FR"},{"@type":"Organization","@id":"https:\/\/dynamo-led-displays.com\/fr\/#organization","name":"Dynamo LED Displays","alternateName":"Dynamo LED Displays Limited","url":"https:\/\/dynamo-led-displays.com\/fr\/","logo":{"@type":"ImageObject","inLanguage":"fr-FR","@id":"https:\/\/dynamo-led-displays.com\/fr\/#\/schema\/logo\/image\/","url":"https:\/\/dynamo-led-displays.com\/wp-content\/uploads\/2022\/12\/logo-top.webp","contentUrl":"https:\/\/dynamo-led-displays.com\/wp-content\/uploads\/2022\/12\/logo-top.webp","width":266,"height":88,"caption":"Dynamo LED Displays"},"image":{"@id":"https:\/\/dynamo-led-displays.com\/fr\/#\/schema\/logo\/image\/"},"sameAs":["https:\/\/www.facebook.com\/dynamoled\/","https:\/\/x.com\/DynamoLed","https:\/\/www.instagram.com\/dynamoled","https:\/\/www.youtube.com\/c\/DanielReynoldsdynamoleddisplays","https:\/\/vimeo.com\/user35969056"]}]},"product_price_amount":"280.00","product_price_currency":"GBP","og_availability":"instock","product_availability":"instock","product_condition":"new"},"brands":[{"id":62,"name":"Novastar LED","slug":"novastar-led"}],"_links":{"self":[{"href":"https:\/\/dynamo-led-displays.com\/fr\/wp-json\/wp\/v2\/product\/19164","targetHints":{"allow":["GET"]}}],"collection":[{"href":"https:\/\/dynamo-led-displays.com\/fr\/wp-json\/wp\/v2\/product"}],"about":[{"href":"https:\/\/dynamo-led-displays.com\/fr\/wp-json\/wp\/v2\/types\/product"}],"replies":[{"embeddable":true,"href":"https:\/\/dynamo-led-displays.com\/fr\/wp-json\/wp\/v2\/comments?post=19164"}],"version-history":[{"count":0,"href":"https:\/\/dynamo-led-displays.com\/fr\/wp-json\/wp\/v2\/product\/19164\/revisions"}],"wp:featuredmedia":[{"embeddable":true,"href":"https:\/\/dynamo-led-displays.com\/fr\/wp-json\/wp\/v2\/media\/19165"}],"wp:attachment":[{"href":"https:\/\/dynamo-led-displays.com\/fr\/wp-json\/wp\/v2\/media?parent=19164"}],"wp:term":[{"taxonomy":"pwb-brand","embeddable":true,"href":"https:\/\/dynamo-led-displays.com\/fr\/wp-json\/wp\/v2\/pwb-brand?post=19164"},{"taxonomy":"product_brand","embeddable":true,"href":"https:\/\/dynamo-led-displays.com\/fr\/wp-json\/wp\/v2\/product_brand?post=19164"},{"taxonomy":"product_cat","embeddable":true,"href":"https:\/\/dynamo-led-displays.com\/fr\/wp-json\/wp\/v2\/product_cat?post=19164"},{"taxonomy":"product_tag","embeddable":true,"href":"https:\/\/dynamo-led-displays.com\/fr\/wp-json\/wp\/v2\/product_tag?post=19164"}],"curies":[{"name":"wp","href":"https:\/\/api.w.org\/{rel}","templated":true}]}}